{"id":105,"date":"2021-10-10T20:00:56","date_gmt":"2021-10-10T23:00:56","guid":{"rendered":"https:\/\/corecon-am50anos.com.br\/transparencia\/?page_id=105"},"modified":"2021-10-21T14:19:38","modified_gmt":"2021-10-21T17:19:38","slug":"legislacao-aplicada","status":"publish","type":"page","link":"https:\/\/corecon-am50anos.com.br\/transparencia\/legislacao-aplicada\/","title":{"rendered":"Legisla\u00e7\u00e3o Aplicada"},"content":{"rendered":"<p><a href=\"https:\/\/corecon-am50anos.com.br\/transparencia\/wp-content\/uploads\/2021\/10\/Lei-n.\u00ba-1.411-de-13-de-agosto-de-1951.pdf\">Lei n.\u00ba 1.411, de 13 de agosto de 1951<\/a><br \/>\n<strong>Disp\u00f5e sobre a Profiss\u00e3o de Economista.<\/strong><\/p>\n<p><a href=\"https:\/\/corecon-am50anos.com.br\/transparencia\/wp-content\/uploads\/2021\/10\/Decreto-n.\u00ba-31.794-de-17-de-novembro-de-1952.pdf\">Decreto n.\u00ba 31.794, de 17 de novembro de 1952<\/a><br \/>\n<strong>Disp\u00f5e sobre a regulamenta\u00e7\u00e3o do exerc\u00edcio da profiss\u00e3o de economista, regida pela Lei n\u00ba 1.411, de 13.08.1951, e d\u00e1 outras provid\u00eancias.<\/strong><\/p>\n<p><a href=\"https:\/\/corecon-am50anos.com.br\/transparencia\/wp-content\/uploads\/2021\/10\/Lei-n.\u00ba-6.021-de-03-de-janeiro-de-1974.pdf\">Lei n.\u00ba 6.021, de 03 de janeiro de 1974<\/a><br \/>\n<strong>Altera dispositivos da Lei n.\u00ba 1.411, de 13.08.1951, que disp\u00f5e sobre a profiss\u00e3o de economista; atualiza valores das anuidades, taxas e multas, subordinando as a percentuais do maior sal\u00e1rio m\u00ednimo, e altera a denomina\u00e7\u00e3o dos Conselhos Federal e Regionais.<\/strong><\/p>\n<p><a href=\"https:\/\/corecon-am50anos.com.br\/transparencia\/wp-content\/uploads\/2021\/10\/Lei-n.\u00ba-6.206-de-07-de-maio-de-1975.pdf\">Lei n.\u00ba 6.206, de 07 de maio de 1975<\/a><br \/>\n<strong>D\u00e1 valor de documento de identidade \u00e0s carteiras expedidas pelos \u00f3rg\u00e3os fiscalizadores de exerc\u00edcio profissional e d\u00e1 outras provid\u00eancias.<\/strong><\/p>\n<p><a href=\"https:\/\/corecon-am50anos.com.br\/transparencia\/wp-content\/uploads\/2021\/10\/Lei-n.\u00ba-6.537-de-19-de-junho-de-1978.pdf\">Lei n.\u00ba 6.537, de 19 de junho de 1978<\/a><br \/>\n<strong>Altera dispositivos da Lei n.\u00ba 1.411, de 13.08.1951, que disp\u00f5e sobre a profiss\u00e3o de Economista.<\/strong><\/p>\n<p><a href=\"https:\/\/corecon-am50anos.com.br\/transparencia\/wp-content\/uploads\/2021\/10\/Lei-n\u00ba-6.839-de-30-de-outubro-de-1980.pdf\">Lei n\u00ba 6.839, de 30 de outubro de 1980<\/a><br \/>\n<strong>Disp\u00f5e sobre o registro de empresas nas entidades fiscalizadoras do exerc\u00edcio de profiss\u00f5es.<\/strong><\/p>\n<p><a href=\"https:\/\/corecon-am50anos.com.br\/transparencia\/wp-content\/uploads\/2021\/10\/Lei-n.\u00ba-12.514-de-28-de-outubro-de-2011.pdf\">Lei n.\u00ba 12.514, de 28 de outubro de 2011<\/a><br \/>\n<strong>D\u00e1 nova reda\u00e7\u00e3o ao art. 4\u00ba da Lei n\u00ba 6.932, de 7 de julho de 1981, que disp\u00f5e sobre as atividades do m\u00e9dico-residente e trata das contribui\u00e7\u00f5es devidas aos conselhos profissionais em geral.<\/strong><\/p>\n","protected":false},"excerpt":{"rendered":"<p>Lei n.\u00ba 1.411, de 13 de agosto de 1951 Disp\u00f5e sobre a Profiss\u00e3o de Economista. Decreto n.\u00ba 31.794, de 17 de novembro de 1952 Disp\u00f5e sobre a regulamenta\u00e7\u00e3o do exerc\u00edcio da profiss\u00e3o de economista, regida pela Lei n\u00ba 1.411, de 13.08.1951, e d\u00e1 outras provid\u00eancias. Lei n.\u00ba 6.021, de 03 de janeiro de 1974 Altera &hellip; <a href=\"https:\/\/corecon-am50anos.com.br\/transparencia\/legislacao-aplicada\/\" class=\"more-link\">Continue reading <span class=\"screen-reader-text\">Legisla\u00e7\u00e3o Aplicada<\/span><\/a><\/p>\n","protected":false},"author":1,"featured_media":0,"parent":0,"menu_order":0,"comment_status":"closed","ping_status":"closed","template":"","meta":[],"_links":{"self":[{"href":"https:\/\/corecon-am50anos.com.br\/transparencia\/wp-json\/wp\/v2\/pages\/105"}],"collection":[{"href":"https:\/\/corecon-am50anos.com.br\/transparencia\/wp-json\/wp\/v2\/pages"}],"about":[{"href":"https:\/\/corecon-am50anos.com.br\/transparencia\/wp-json\/wp\/v2\/types\/page"}],"author":[{"embeddable":true,"href":"https:\/\/corecon-am50anos.com.br\/transparencia\/wp-json\/wp\/v2\/users\/1"}],"replies":[{"embeddable":true,"href":"https:\/\/corecon-am50anos.com.br\/transparencia\/wp-json\/wp\/v2\/comments?post=105"}],"version-history":[{"count":5,"href":"https:\/\/corecon-am50anos.com.br\/transparencia\/wp-json\/wp\/v2\/pages\/105\/revisions"}],"predecessor-version":[{"id":626,"href":"https:\/\/corecon-am50anos.com.br\/transparencia\/wp-json\/wp\/v2\/pages\/105\/revisions\/626"}],"wp:attachment":[{"href":"https:\/\/corecon-am50anos.com.br\/transparencia\/wp-json\/wp\/v2\/media?parent=105"}],"curies":[{"name":"wp","href":"https:\/\/api.w.org\/{rel}","templated":true}]}}