{"id":108,"date":"2021-10-10T20:01:21","date_gmt":"2021-10-10T23:01:21","guid":{"rendered":"https:\/\/corecon-am50anos.com.br\/transparencia\/?page_id=108"},"modified":"2023-11-06T12:40:25","modified_gmt":"2023-11-06T14:40:25","slug":"editais-e-resultados","status":"publish","type":"page","link":"https:\/\/corecon-am50anos.com.br\/transparencia\/editais-e-resultados\/","title":{"rendered":"Editais e Resultados"},"content":{"rendered":"<p><strong>2023<\/strong><\/p>\n<p><strong>XVI Pr\u00eamio Amazonas de Monografia<\/strong><\/p>\n<p>Edital:\u00a0<a href=\"https:\/\/corecon-am50anos.com.br\/transparencia\/wp-content\/uploads\/2023\/11\/Edital-no-001-2023-Regulamento-do-XVI-Premio-Amazonas-de-Monografia.pdf\" target=\"_blank\" rel=\"noopener\">https:\/\/corecon-am50anos.com.br\/transparencia\/wp-content\/uploads\/2023\/11\/Edital-no-001-2023-Regulamento-do-XVI-Premio-Amazonas-de-Monografia.pdf<\/a><\/p>\n<p>Resultado: O Vencedor em Primeiro Lugar do XVI Pr\u00eamio Amazonas de Monografia foi o Estudante Lucas Andr\u00e9 Matos Sarraf de Rezende<\/p>\n<p><strong>Elei\u00e7\u00f5es 2023 para renova\u00e7\u00e3o de ter\u00e7o de Conselheiros para o tri\u00eanio de 2024-2025-2026 do CORECON-AM<\/strong><\/p>\n<p>Edital:\u00a0<a href=\"https:\/\/corecon-am50anos.com.br\/transparencia\/wp-content\/uploads\/2023\/11\/Edital-de-Eleicoes-do-CORECON-AM-2023.pdf\" target=\"_blank\" rel=\"noopener\">https:\/\/corecon-am50anos.com.br\/transparencia\/wp-content\/uploads\/2023\/11\/Edital-de-Eleicoes-do-CORECON-AM-2023.pdf<\/a><\/p>\n<p>Rela\u00e7\u00e3o de Chapas Inscritas:\u00a0<a href=\"https:\/\/corecon-am50anos.com.br\/transparencia\/wp-content\/uploads\/2023\/11\/RELACAO-DE-CHAPAS-INSCRITAS-2.pdf\" target=\"_blank\" rel=\"noopener\">https:\/\/corecon-am50anos.com.br\/transparencia\/wp-content\/uploads\/2023\/11\/RELACAO-DE-CHAPAS-INSCRITAS-2.pdf<\/a><\/p>\n<p>Resultado:\u00a0<a href=\"https:\/\/corecon-am50anos.com.br\/transparencia\/wp-content\/uploads\/2023\/11\/Oficio-Comissao-Eleitoral-no-019-Resultado-das-eleicoes.pdf\" target=\"_blank\" rel=\"noopener\">https:\/\/corecon-am50anos.com.br\/transparencia\/wp-content\/uploads\/2023\/11\/Oficio-Comissao-Eleitoral-no-019-Resultado-das-eleicoes.pdf<\/a><\/p>\n<p>Para mais informa\u00e7\u00f5es sobre as Elei\u00e7\u00f5es, por favor consultar a aba &#8220;Elei\u00e7\u00f5es&#8221; do site do CORECON-AM ou acessar o link:\u00a0<a href=\"https:\/\/corecon-am50anos.com.br\/eleicoes-2023\/\" target=\"_blank\" rel=\"noopener\">https:\/\/corecon-am50anos.com.br\/eleicoes-2023\/<\/a><\/p>\n<p><strong>2022<\/strong><\/p>\n<p>COMUNICA\u00c7\u00c3O:<\/p>\n<p><a href=\"https:\/\/corecon-am50anos.com.br\/transparencia\/wp-content\/uploads\/2022\/07\/CONTRATO-DE-PRESTA\u00c7\u00c3O-DE-SERVI\u00c7O-DE-ASSESSORIA-DE-COMUNICA\u00c7\u00c3O-CARLA-MORAES-CASTELO-BRANCO.pdf\">CONTRATO DE PRESTA\u00c7\u00c3O DE SERVI\u00c7O DE ASSESSORIA DE COMUNICA\u00c7\u00c3O &#8211; CARLA MORAES CASTELO BRANCO<\/a><\/p>\n<p><a href=\"https:\/\/corecon-am50anos.com.br\/transparencia\/wp-content\/uploads\/2022\/07\/DISTRATO-DO-CONTRATO-DE-PRESTA\u00c7\u00c3O-DE-SERVI\u00c7OS-DE-ASSESSORIA-DE-COMUNICA\u00c7\u00c3O-CARLA-MORAES-CASTELLO-BRANCO.pdf\">DISTRATO DO CONTRATO DE PRESTA\u00c7\u00c3O DE SERVI\u00c7OS DE ASSESSORIA DE COMUNICA\u00c7\u00c3O &#8211; CARLA MORAES CASTELLO BRANCO<\/a><\/p>\n<p><a href=\"https:\/\/corecon-am50anos.com.br\/transparencia\/wp-content\/uploads\/2022\/07\/CONTRATO-DE-PRESTA\u00c7\u00c3O-DE-SERVI\u00c7OS-DE-ASSESSORIA-DE-COMUNICA\u00c7\u00c3O-A-L-B-BEZERRA.pdf\">CONTRATO DE PRESTA\u00c7\u00c3O DE SERVI\u00c7OS DE ASSESSORIA DE COMUNICA\u00c7\u00c3O &#8211; A L B BEZERRA<\/a><\/p>\n<p><strong>2021<\/strong><\/p>\n<p><a href=\"https:\/\/corecon-am50anos.com.br\/transparencia\/wp-content\/uploads\/2022\/01\/COMUNICA\u00c7\u00c3O.pdf\">COMUNICA\u00c7\u00c3O<\/a><\/p>\n<p><a href=\"https:\/\/corecon-am50anos.com.br\/transparencia\/wp-content\/uploads\/2022\/01\/CONTABILIDADE.pdf\">CONTABILIDADE<\/a><\/p>\n<p><a href=\"https:\/\/corecon-am50anos.com.br\/transparencia\/wp-content\/uploads\/2022\/01\/JUR\u00cdDICO.pdf\">JUR\u00cdDICO<\/a><\/p>\n<p><a href=\"https:\/\/corecon-am50anos.com.br\/transparencia\/wp-content\/uploads\/2022\/01\/TI.pdf\">TI<\/a><\/p>\n<p><strong>2018<\/strong><\/p>\n<p><a href=\"https:\/\/corecon-am50anos.com.br\/transparencia\/wp-content\/uploads\/2022\/01\/CONTRATO-DE-PRESTA\u00c7\u00c3O-DE-SERVI\u00c7OS-DE-ASSESSORIA-DE-COMUNICA\u00c7\u00c3O.pdf\">CONTRATO DE PRESTA\u00c7\u00c3O DE SERVI\u00c7OS DE ASSESSORIA DE COMUNICA\u00c7\u00c3O<\/a><\/p>\n<p><strong>2017<\/strong><\/p>\n<p><a href=\"https:\/\/corecon-am50anos.com.br\/transparencia\/wp-content\/uploads\/2022\/01\/CONTRATO-DE-PRESTA\u00c7\u00c3O-DE-SERVI\u00c7OS-DE-ASSESSORIA-DE-COMUNICA\u00c7\u00c3O-1.pdf\">CONTRATO DE PRESTA\u00c7\u00c3O DE SERVI\u00c7OS DE ASSESSORIA DE COMUNICA\u00c7\u00c3O<\/a><\/p>\n<p><a href=\"https:\/\/corecon-am50anos.com.br\/transparencia\/wp-content\/uploads\/2022\/01\/CONTRATO-DE-PRESTA\u00c7\u00c3O-DE-SERVI\u00c7OS-ADVOCAT\u00cdCIOS-1.pdf\">CONTRATO DE PRESTA\u00c7\u00c3O DE SERVI\u00c7OS ADVOCAT\u00cdCIOS<\/a><\/p>\n<p><strong>2022<\/strong><\/p>\n<p>EDITAL E ANEXOS DE LICITA\u00c7\u00c3O NA MODALIDADE CARTA CONVITE PARA CONTRATA\u00c7\u00c3O DE ASSESSORIA DE COMUNICA\u00c7\u00c3O DO CORECON-AM<\/p>\n<p><a href=\"https:\/\/corecon-am50anos.com.br\/transparencia\/wp-content\/uploads\/2022\/01\/AVISO-DE-LICITA\u00c7\u00c3O-CONVITE-N\u00ba-001-2022.pdf\">AVISO DE LICITA\u00c7\u00c3O &#8211; CONVITE N\u00ba 001-2022<\/a><\/p>\n<p><a href=\"https:\/\/corecon-am50anos.com.br\/transparencia\/wp-content\/uploads\/2022\/01\/AVISO-DE-LICITA\u00c7\u00c3O-\u2013-CONVITE-N\u00ba-001-2022-VERS\u00c3O-PUBLICADA-NO-JORNAL-DO-COM\u00c9RCIO-EM-21.01.2022.pdf\">AVISO DE LICITA\u00c7\u00c3O \u2013 CONVITE N\u00ba 001-2022 &#8211; VERS\u00c3O PUBLICADA NO JORNAL DO COM\u00c9RCIO EM 21.01.2022<\/a><\/p>\n<p><a href=\"https:\/\/corecon-am50anos.com.br\/transparencia\/wp-content\/uploads\/2022\/01\/EDITAL-COMPLETO-DE-LICITA\u00c7\u00c3O-\u2013-CARTA-CONVITE-N\u00ba.-001-2022.pdf\">EDITAL COMPLETO DE LICITA\u00c7\u00c3O \u2013 CARTA CONVITE N\u00ba. 001-2022<\/a><\/p>\n<p><a href=\"https:\/\/corecon-am50anos.com.br\/transparencia\/wp-content\/uploads\/2022\/01\/ANEXOS.pdf\">ANEXOS<\/a><\/p>\n<p><a href=\"https:\/\/corecon-am50anos.com.br\/transparencia\/wp-content\/uploads\/2022\/02\/ATA-DA-3\u00aa-SESS\u00c3O-PLEN\u00c1RIA-EXTRAORDIN\u00c1RIA-DO-DIA-31.01.2022-RESULTADO-DA-LICITA\u00c7\u00c3O.pdf\">ATA DA 3\u00aa SESS\u00c3O PLEN\u00c1RIA EXTRAORDIN\u00c1RIA DO DIA 31.01.2022 &#8211; RESULTADO DA LICITA\u00c7\u00c3O<\/a><\/p>\n<p><a href=\"https:\/\/corecon-am50anos.com.br\/transparencia\/wp-content\/uploads\/2022\/02\/AVISO-DE-LICITA\u00c7\u00c3O-CONVITE-N\u00ba-002-2022.pdf\">AVISO DE LICITA\u00c7\u00c3O &#8211; CONVITE N\u00ba 002-2022<\/a><\/p>\n<p><a href=\"https:\/\/corecon-am50anos.com.br\/transparencia\/wp-content\/uploads\/2022\/02\/AVISO-DE-LICITA\u00c7\u00c3O-CONVITE-N\u00ba-002-2022-VERS\u00c3O-PUBLICADA-NO-JORNAL-DO-COM\u00c9RCIO-EM-03.02.2022.pdf\">AVISO DE LICITA\u00c7\u00c3O &#8211; CONVITE N\u00ba 002-2022 &#8211; VERS\u00c3O PUBLICADA NO JORNAL DO COM\u00c9RCIO EM 03.02.2022<\/a><\/p>\n<p><a href=\"https:\/\/corecon-am50anos.com.br\/transparencia\/wp-content\/uploads\/2022\/02\/EDITAL-COMPLETO-DE-LICITA\u00c7\u00c3O-CARTA-CONVITE-N\u00ba.-002-2022.pdf\">EDITAL COMPLETO DE LICITA\u00c7\u00c3O &#8211; CARTA CONVITE N\u00ba. 002-2022<\/a><\/p>\n<p><a href=\"https:\/\/corecon-am50anos.com.br\/transparencia\/wp-content\/uploads\/2022\/02\/ANEXOS-CARTA-CONVITE-N\u00ba.-002-2022.pdf\">ANEXOS &#8211; CARTA CONVITE N\u00ba. 002-2022<\/a><\/p>\n<p><a href=\"https:\/\/corecon-am50anos.com.br\/transparencia\/wp-content\/uploads\/2022\/02\/ATA-DA-5\u00aa-SESS\u00c3O-PLEN\u00c1RIA-EXTRAORDIN\u00c1RIA-DO-DIA-11.02.2022-RESULTADO-DA-LICITA\u00c7\u00c3O.pdf\">ATA DA 5\u00aa SESS\u00c3O PLEN\u00c1RIA EXTRAORDIN\u00c1RIA DO DIA 11.02.2022 &#8211; RESULTADO DA LICITA\u00c7\u00c3O<\/a><\/p>\n<p><strong>2021<\/strong><\/p>\n<p><a href=\"https:\/\/corecon-am50anos.com.br\/transparencia\/wp-content\/uploads\/2022\/01\/EDITAL-COMPLETO-DE-LICITA\u00c7\u00c3O-\u2013-CARTA-CONVITE-N\u00ba.-001-2021-REFORMULA\u00c7\u00c3O-DO-SITE.pdf\">EDITAL COMPLETO DE LICITA\u00c7\u00c3O \u2013 CARTA CONVITE N\u00ba. 001-2021 &#8211; REFORMULA\u00c7\u00c3O DO SITE<\/a><\/p>\n<p><strong>2019<\/strong><\/p>\n<p><a href=\"https:\/\/corecon-am50anos.com.br\/transparencia\/wp-content\/uploads\/2022\/01\/EDITAL-COMPLETO-DE-LICITA\u00c7\u00c3O-CARTA-CONVITE-N\u00ba.-001-2019-ASSESSORIA-DE-COMUNICA\u00c7\u00c3O.pdf\">EDITAL COMPLETO DE LICITA\u00c7\u00c3O &#8211; CARTA CONVITE N\u00ba. 001-2019 &#8211; ASSESSORIA DE COMUNICA\u00c7\u00c3O<\/a><\/p>\n<p><a href=\"https:\/\/corecon-am50anos.com.br\/transparencia\/wp-content\/uploads\/2022\/01\/EDITAL-COMPLETO-DE-LICITA\u00c7\u00c3O-CARTA-CONVITE-N\u00ba.-002-2019-REFORMULA\u00c7\u00c3O-DO-SITE.pdf\">EDITAL COMPLETO DE LICITA\u00c7\u00c3O &#8211; CARTA CONVITE N\u00ba. 002-2019 &#8211; REFORMULA\u00c7\u00c3O DO SITE<\/a><\/p>\n<p><a href=\"https:\/\/corecon-am50anos.com.br\/transparencia\/wp-content\/uploads\/2022\/01\/EDITAL-COMPLETO-DE-LICITA\u00c7\u00c3O-CARTA-CONVITE-N\u00ba.-003-2019-ASSESSORIA-EM-INFORM\u00c1TICA.pdf\">EDITAL COMPLETO DE LICITA\u00c7\u00c3O &#8211; CARTA CONVITE N\u00ba. 003-2019 &#8211; ASSESSORIA EM INFORM\u00c1TICA<\/a><\/p>\n<p><strong>2017<\/strong><\/p>\n<p><a href=\"https:\/\/corecon-am50anos.com.br\/transparencia\/wp-content\/uploads\/2022\/01\/EDITAL-COMPLETO-DE-LICITA\u00c7\u00c3O-\u2013-CARTA-CONVITE-N\u00ba.-001-2017-ASSESSORIA-CONT\u00c1BIL.pdf\">EDITAL COMPLETO DE LICITA\u00c7\u00c3O \u2013 CARTA CONVITE N\u00ba. 001-2017 &#8211; ASSESSORIA CONT\u00c1BIL<\/a><\/p>\n<p><a href=\"https:\/\/corecon-am50anos.com.br\/transparencia\/wp-content\/uploads\/2022\/01\/EDITAL-COMPLETO-DE-LICITA\u00c7\u00c3O-\u2013-CARTA-CONVITE-N\u00ba.-002-2017-ASSESSORIA-DE-COMUNICA\u00c7\u00c3O.pdf\">EDITAL COMPLETO DE LICITA\u00c7\u00c3O \u2013 CARTA CONVITE N\u00ba. 002-2017 &#8211; ASSESSORIA DE COMUNICA\u00c7\u00c3O<\/a><\/p>\n<p><a href=\"https:\/\/corecon-am50anos.com.br\/transparencia\/wp-content\/uploads\/2022\/01\/EDITAL-COMPLETO-DE-LICITA\u00c7\u00c3O-CARTA-CONVITE-N\u00ba.-003-2017-ASSESSORIA-CONT\u00c1BIL.pdf\">EDITAL COMPLETO DE LICITA\u00c7\u00c3O &#8211; CARTA CONVITE N\u00ba. 003-2017 &#8211; ASSESSORIA CONT\u00c1BIL<\/a><\/p>\n<p><a href=\"https:\/\/corecon-am50anos.com.br\/transparencia\/wp-content\/uploads\/2022\/01\/EDITAL-COMPLETO-DE-LICITA\u00c7\u00c3O-CARTA-CONVITE-N\u00ba.-004-2017-ASSESSORIA-DE-COMUNICA\u00c7\u00c3O.pdf\">EDITAL COMPLETO DE LICITA\u00c7\u00c3O &#8211; CARTA CONVITE N\u00ba. 004-2017 &#8211; ASSESSORIA DE COMUNICA\u00c7\u00c3O<\/a><\/p>\n<p><strong>2016<\/strong><\/p>\n<p><a href=\"https:\/\/corecon-am50anos.com.br\/transparencia\/wp-content\/uploads\/2022\/01\/EDITAL-COMPLETO-DE-LICITA\u00c7\u00c3O-\u2013-CARTA-CONVITE-N\u00ba.-001-2016-ASSESSORIA-DE-COMUNICA\u00c7\u00c3O.pdf\">EDITAL COMPLETO DE LICITA\u00c7\u00c3O \u2013 CARTA CONVITE N\u00ba. 001-2016 &#8211; ASSESSORIA DE COMUNICA\u00c7\u00c3O<\/a><\/p>\n<p><a href=\"https:\/\/corecon-am50anos.com.br\/transparencia\/wp-content\/uploads\/2022\/01\/EDITAL-COMPLETO-DE-LICITA\u00c7\u00c3O-\u2013-CARTA-CONVITE-N\u00ba.-002-2016-ASSESSORIA-JUR\u00cdDICA.pdf\">EDITAL COMPLETO DE LICITA\u00c7\u00c3O \u2013 CARTA CONVITE N\u00ba. 002-2016 &#8211; ASSESSORIA JUR\u00cdDICA<\/a><\/p>\n<p><a href=\"https:\/\/corecon-am50anos.com.br\/transparencia\/wp-content\/uploads\/2022\/01\/EDITAL-COMPLETO-DE-LICITA\u00c7\u00c3O-\u2013-CARTA-CONVITE-N\u00ba.-003-2016-ASSESSORIA-CONT\u00c1BIL.pdf\">EDITAL COMPLETO DE LICITA\u00c7\u00c3O \u2013 CARTA CONVITE N\u00ba. 003-2016 &#8211; ASSESSORIA CONT\u00c1BIL<\/a><\/p>\n<p><strong>2015<\/strong><\/p>\n<p><a href=\"https:\/\/corecon-am50anos.com.br\/transparencia\/wp-content\/uploads\/2022\/01\/EDITAL-COMUNICA\u00c7\u00c3O.pdf\">EDITAL &#8211; COMUNICA\u00c7\u00c3O<\/a><\/p>\n<p><a href=\"https:\/\/corecon-am50anos.com.br\/transparencia\/wp-content\/uploads\/2022\/01\/EDITAL-ASSESSORIA-JUR\u00cdDICA.pdf\">EDITAL &#8211; ASSESSORIA JUR\u00cdDICA<\/a><\/p>\n","protected":false},"excerpt":{"rendered":"<p>2023 XVI Pr\u00eamio Amazonas de Monografia Edital:\u00a0https:\/\/corecon-am50anos.com.br\/transparencia\/wp-content\/uploads\/2023\/11\/Edital-no-001-2023-Regulamento-do-XVI-Premio-Amazonas-de-Monografia.pdf Resultado: O Vencedor em Primeiro Lugar do XVI Pr\u00eamio Amazonas de Monografia foi o Estudante Lucas Andr\u00e9 Matos Sarraf de Rezende Elei\u00e7\u00f5es 2023 para renova\u00e7\u00e3o de ter\u00e7o de Conselheiros para o tri\u00eanio de 2024-2025-2026 do CORECON-AM Edital:\u00a0https:\/\/corecon-am50anos.com.br\/transparencia\/wp-content\/uploads\/2023\/11\/Edital-de-Eleicoes-do-CORECON-AM-2023.pdf Rela\u00e7\u00e3o de Chapas Inscritas:\u00a0https:\/\/corecon-am50anos.com.br\/transparencia\/wp-content\/uploads\/2023\/11\/RELACAO-DE-CHAPAS-INSCRITAS-2.pdf Resultado:\u00a0https:\/\/corecon-am50anos.com.br\/transparencia\/wp-content\/uploads\/2023\/11\/Oficio-Comissao-Eleitoral-no-019-Resultado-das-eleicoes.pdf Para mais informa\u00e7\u00f5es sobre as Elei\u00e7\u00f5es, &hellip; <a href=\"https:\/\/corecon-am50anos.com.br\/transparencia\/editais-e-resultados\/\" class=\"more-link\">Continue reading <span class=\"screen-reader-text\">Editais e Resultados<\/span><\/a><\/p>\n","protected":false},"author":1,"featured_media":0,"parent":0,"menu_order":0,"comment_status":"closed","ping_status":"closed","template":"","meta":[],"_links":{"self":[{"href":"https:\/\/corecon-am50anos.com.br\/transparencia\/wp-json\/wp\/v2\/pages\/108"}],"collection":[{"href":"https:\/\/corecon-am50anos.com.br\/transparencia\/wp-json\/wp\/v2\/pages"}],"about":[{"href":"https:\/\/corecon-am50anos.com.br\/transparencia\/wp-json\/wp\/v2\/types\/page"}],"author":[{"embeddable":true,"href":"https:\/\/corecon-am50anos.com.br\/transparencia\/wp-json\/wp\/v2\/users\/1"}],"replies":[{"embeddable":true,"href":"https:\/\/corecon-am50anos.com.br\/transparencia\/wp-json\/wp\/v2\/comments?post=108"}],"version-history":[{"count":21,"href":"https:\/\/corecon-am50anos.com.br\/transparencia\/wp-json\/wp\/v2\/pages\/108\/revisions"}],"predecessor-version":[{"id":1708,"href":"https:\/\/corecon-am50anos.com.br\/transparencia\/wp-json\/wp\/v2\/pages\/108\/revisions\/1708"}],"wp:attachment":[{"href":"https:\/\/corecon-am50anos.com.br\/transparencia\/wp-json\/wp\/v2\/media?parent=108"}],"curies":[{"name":"wp","href":"https:\/\/api.w.org\/{rel}","templated":true}]}}