{"id":109,"date":"2021-10-10T20:01:34","date_gmt":"2021-10-10T23:01:34","guid":{"rendered":"https:\/\/corecon-am50anos.com.br\/transparencia\/?page_id=109"},"modified":"2023-11-06T12:26:05","modified_gmt":"2023-11-06T14:26:05","slug":"contratos","status":"publish","type":"page","link":"https:\/\/corecon-am50anos.com.br\/transparencia\/contratos\/","title":{"rendered":"Contratos"},"content":{"rendered":"<p><strong>2023<\/strong><\/p>\n<p>N\u00e3o houveram Contratos novos consolidados at\u00e9 Outubro de 2023.<\/p>\n<p><strong>2022<\/strong><\/p>\n<p>COMUNICA\u00c7\u00c3O:<\/p>\n<p><a href=\"https:\/\/corecon-am50anos.com.br\/transparencia\/wp-content\/uploads\/2022\/07\/CONTRATO-DE-PRESTA\u00c7\u00c3O-DE-SERVI\u00c7O-DE-ASSESSORIA-DE-COMUNICA\u00c7\u00c3O-CARLA-MORAES-CASTELO-BRANCO.pdf\">CONTRATO DE PRESTA\u00c7\u00c3O DE SERVI\u00c7O DE ASSESSORIA DE COMUNICA\u00c7\u00c3O &#8211; CARLA MORAES CASTELO BRANCO<\/a><\/p>\n<p><a href=\"https:\/\/corecon-am50anos.com.br\/transparencia\/wp-content\/uploads\/2022\/07\/DISTRATO-DO-CONTRATO-DE-PRESTA\u00c7\u00c3O-DE-SERVI\u00c7OS-DE-ASSESSORIA-DE-COMUNICA\u00c7\u00c3O-CARLA-MORAES-CASTELLO-BRANCO.pdf\">DISTRATO DO CONTRATO DE PRESTA\u00c7\u00c3O DE SERVI\u00c7OS DE ASSESSORIA DE COMUNICA\u00c7\u00c3O &#8211; CARLA MORAES CASTELLO BRANCO<\/a><\/p>\n<p><a href=\"https:\/\/corecon-am50anos.com.br\/transparencia\/wp-content\/uploads\/2022\/07\/CONTRATO-DE-PRESTA\u00c7\u00c3O-DE-SERVI\u00c7OS-DE-ASSESSORIA-DE-COMUNICA\u00c7\u00c3O-A-L-B-BEZERRA.pdf\">CONTRATO DE PRESTA\u00c7\u00c3O DE SERVI\u00c7OS DE ASSESSORIA DE COMUNICA\u00c7\u00c3O &#8211; A L B BEZERRA<\/a><\/p>\n<p><strong>2021<\/strong><\/p>\n<p><a href=\"https:\/\/corecon-am50anos.com.br\/transparencia\/wp-content\/uploads\/2022\/01\/COMUNICA\u00c7\u00c3O.pdf\">COMUNICA\u00c7\u00c3O<\/a><\/p>\n<p><a href=\"https:\/\/corecon-am50anos.com.br\/transparencia\/wp-content\/uploads\/2022\/01\/CONTABILIDADE.pdf\">CONTABILIDADE<\/a><\/p>\n<p><a href=\"https:\/\/corecon-am50anos.com.br\/transparencia\/wp-content\/uploads\/2022\/01\/JUR\u00cdDICO.pdf\">JUR\u00cdDICO<\/a><\/p>\n<p><a href=\"https:\/\/corecon-am50anos.com.br\/transparencia\/wp-content\/uploads\/2022\/01\/TI.pdf\">TI<\/a><\/p>\n<p><strong>2018<\/strong><\/p>\n<p><a href=\"https:\/\/corecon-am50anos.com.br\/transparencia\/wp-content\/uploads\/2022\/01\/CONTRATO-DE-PRESTA\u00c7\u00c3O-DE-SERVI\u00c7OS-DE-ASSESSORIA-DE-COMUNICA\u00c7\u00c3O.pdf\">CONTRATO DE PRESTA\u00c7\u00c3O DE SERVI\u00c7OS DE ASSESSORIA DE COMUNICA\u00c7\u00c3O<\/a><\/p>\n<p><strong>2017<\/strong><\/p>\n<p><a href=\"https:\/\/corecon-am50anos.com.br\/transparencia\/wp-content\/uploads\/2022\/01\/CONTRATO-DE-PRESTA\u00c7\u00c3O-DE-SERVI\u00c7OS-DE-ASSESSORIA-DE-COMUNICA\u00c7\u00c3O-1.pdf\">CONTRATO DE PRESTA\u00c7\u00c3O DE SERVI\u00c7OS DE ASSESSORIA DE COMUNICA\u00c7\u00c3O<\/a><\/p>\n<p><a href=\"https:\/\/corecon-am50anos.com.br\/transparencia\/wp-content\/uploads\/2022\/01\/CONTRATO-DE-PRESTA\u00c7\u00c3O-DE-SERVI\u00c7OS-ADVOCAT\u00cdCIOS-1.pdf\">CONTRATO DE PRESTA\u00c7\u00c3O DE SERVI\u00c7OS ADVOCAT\u00cdCIOS<\/a><\/p>\n","protected":false},"excerpt":{"rendered":"<p>2023 N\u00e3o houveram Contratos novos consolidados at\u00e9 Outubro de 2023. 2022 COMUNICA\u00c7\u00c3O: CONTRATO DE PRESTA\u00c7\u00c3O DE SERVI\u00c7O DE ASSESSORIA DE COMUNICA\u00c7\u00c3O &#8211; CARLA MORAES CASTELO BRANCO DISTRATO DO CONTRATO DE PRESTA\u00c7\u00c3O DE SERVI\u00c7OS DE ASSESSORIA DE COMUNICA\u00c7\u00c3O &#8211; CARLA MORAES CASTELLO BRANCO CONTRATO DE PRESTA\u00c7\u00c3O DE SERVI\u00c7OS DE ASSESSORIA DE COMUNICA\u00c7\u00c3O &#8211; A L B &hellip; <a href=\"https:\/\/corecon-am50anos.com.br\/transparencia\/contratos\/\" class=\"more-link\">Continue reading <span class=\"screen-reader-text\">Contratos<\/span><\/a><\/p>\n","protected":false},"author":1,"featured_media":0,"parent":0,"menu_order":0,"comment_status":"closed","ping_status":"closed","template":"","meta":[],"_links":{"self":[{"href":"https:\/\/corecon-am50anos.com.br\/transparencia\/wp-json\/wp\/v2\/pages\/109"}],"collection":[{"href":"https:\/\/corecon-am50anos.com.br\/transparencia\/wp-json\/wp\/v2\/pages"}],"about":[{"href":"https:\/\/corecon-am50anos.com.br\/transparencia\/wp-json\/wp\/v2\/types\/page"}],"author":[{"embeddable":true,"href":"https:\/\/corecon-am50anos.com.br\/transparencia\/wp-json\/wp\/v2\/users\/1"}],"replies":[{"embeddable":true,"href":"https:\/\/corecon-am50anos.com.br\/transparencia\/wp-json\/wp\/v2\/comments?post=109"}],"version-history":[{"count":10,"href":"https:\/\/corecon-am50anos.com.br\/transparencia\/wp-json\/wp\/v2\/pages\/109\/revisions"}],"predecessor-version":[{"id":1701,"href":"https:\/\/corecon-am50anos.com.br\/transparencia\/wp-json\/wp\/v2\/pages\/109\/revisions\/1701"}],"wp:attachment":[{"href":"https:\/\/corecon-am50anos.com.br\/transparencia\/wp-json\/wp\/v2\/media?parent=109"}],"curies":[{"name":"wp","href":"https:\/\/api.w.org\/{rel}","templated":true}]}}