{"id":111,"date":"2021-10-10T20:01:45","date_gmt":"2021-10-10T23:01:45","guid":{"rendered":"https:\/\/corecon-am50anos.com.br\/transparencia\/?page_id=111"},"modified":"2023-03-06T15:22:43","modified_gmt":"2023-03-06T18:22:43","slug":"relatorio-de-gestao","status":"publish","type":"page","link":"https:\/\/corecon-am50anos.com.br\/transparencia\/relatorio-de-gestao\/","title":{"rendered":"Relat\u00f3rio de Gest\u00e3o"},"content":{"rendered":"<p><strong>EXERC\u00cdCO DE 202<\/strong><\/p>\n<p><a href=\"https:\/\/corecon-am50anos.com.br\/transparencia\/wp-content\/uploads\/2023\/03\/Relat\u00f3rio-de-Gest\u00e3o-2022.pdf\">Relat\u00f3rio de Gest\u00e3o 2022<\/a><\/p>\n<p>Presidente: Marcus Anselmo da Cunha Evangelista<\/p>\n<p>Vice-Presidente: Judah Torres Lima<\/p>\n<p>PRESTA\u00c7\u00c3O DE CONTAS<\/p>\n<p><a href=\"https:\/\/corecon-am50anos.com.br\/transparencia\/wp-content\/uploads\/2023\/03\/01-Relat\u00f3rio-Anual-de-Presta\u00e7\u00e3o-de-Contas-2022.pdf\">01 &#8211; Relat\u00f3rio Anual de Presta\u00e7\u00e3o de Contas 2022<\/a><\/p>\n<p><a href=\"https:\/\/corecon-am50anos.com.br\/transparencia\/wp-content\/uploads\/2023\/03\/02-Balan\u00e7o-Patrimonial-2022.pdf\">02 &#8211; Balan\u00e7o Patrimonial 2022<\/a><\/p>\n<p><a href=\"https:\/\/corecon-am50anos.com.br\/transparencia\/wp-content\/uploads\/2023\/03\/03-Balan\u00e7o-Patrimonial-Comparado-2022.pdf\">03 &#8211; Balan\u00e7o Patrimonial Comparado 2022<\/a><\/p>\n<p><a href=\"https:\/\/corecon-am50anos.com.br\/transparencia\/wp-content\/uploads\/2023\/03\/04-Balan\u00e7o-Financeiro-2022.pdf\">04 &#8211; Balan\u00e7o Financeiro 2022<\/a><\/p>\n<p><a href=\"https:\/\/corecon-am50anos.com.br\/transparencia\/wp-content\/uploads\/2023\/03\/05-Balan\u00e7o-Or\u00e7ament\u00e1rio-2022.pdf\">05 &#8211; Balan\u00e7o Or\u00e7ament\u00e1rio 2022<\/a><\/p>\n<p><a href=\"https:\/\/corecon-am50anos.com.br\/transparencia\/wp-content\/uploads\/2023\/03\/06-Demonstra\u00e7\u00e3o-das-Varia\u00e7\u00f5es-Patrimoniais-2022.pdf\">06 &#8211; Demonstra\u00e7\u00e3o das Varia\u00e7\u00f5es Patrimoniais 2022<\/a><\/p>\n<p><a href=\"https:\/\/corecon-am50anos.com.br\/transparencia\/wp-content\/uploads\/2023\/03\/07-Comparativo-da-Receita-Prevista-com-a-Arrecadada-2022.pdf\">07 &#8211; Comparativo da Receita Prevista com a Arrecadada 2022<\/a><\/p>\n<p><a href=\"https:\/\/corecon-am50anos.com.br\/transparencia\/wp-content\/uploads\/2023\/03\/08-Comparativo-da-Receita-Autorizada-com-a-Realizada.pdf\">08 &#8211; Comparativo da Receita Autorizada com a Realizada<\/a><\/p>\n<p><a href=\"https:\/\/corecon-am50anos.com.br\/transparencia\/wp-content\/uploads\/2023\/03\/09-Balancete-Anal\u00edtico-de-Verifica\u00e7\u00e3o-2022.pdf\">09 &#8211; Balancete Anal\u00edtico de Verifica\u00e7\u00e3o 2022<\/a><\/p>\n<p>&nbsp;<\/p>\n<p><strong>EXERC\u00cdCIO DE 2021<\/strong><\/p>\n<p><a href=\"https:\/\/corecon-am50anos.com.br\/transparencia\/wp-content\/uploads\/2022\/05\/RELAT\u00d3RIO-DE-GEST\u00c3O-2021.pdf\">RELAT\u00d3RIO DE GEST\u00c3O 2021<\/a><\/p>\n<p>Presidente: Martinho Luis Gon\u00e7alves Azevedo<br \/>\nVice-Presidente: Michele Lins Aracaty e Silva<\/p>\n<p>PRESTA\u00c7\u00c3O DE CONTAS<\/p>\n<p><a href=\"https:\/\/corecon-am50anos.com.br\/transparencia\/wp-content\/uploads\/2022\/05\/01-\u2013-Relat\u00f3rio-Anual-de-Presta\u00e7\u00e3o-de-Contas-2021.pdf\">01 \u2013 Relat\u00f3rio Anual de Presta\u00e7\u00e3o de Contas 2021<\/a><\/p>\n<p><a href=\"https:\/\/corecon-am50anos.com.br\/transparencia\/wp-content\/uploads\/2022\/05\/02-Balan\u00e7o-Patrimonial-2021.pdf\">02 &#8211; Balan\u00e7o Patrimonial 2021<\/a><\/p>\n<p><a href=\"https:\/\/corecon-am50anos.com.br\/transparencia\/wp-content\/uploads\/2022\/05\/03-Balan\u00e7o-Patrimonial-Comparado-2021.pdf\">03 &#8211; Balan\u00e7o Patrimonial Comparado 2021<\/a><\/p>\n<p><a href=\"https:\/\/corecon-am50anos.com.br\/transparencia\/wp-content\/uploads\/2022\/05\/04-Balan\u00e7o-Financeiro-2021.pdf\">04 &#8211; Balan\u00e7o Financeiro 2021<\/a><\/p>\n<p><a href=\"https:\/\/corecon-am50anos.com.br\/transparencia\/wp-content\/uploads\/2022\/05\/05-Balan\u00e7o-Or\u00e7ament\u00e1rio-2021.pdf\">05 &#8211; Balan\u00e7o Or\u00e7ament\u00e1rio 2021<\/a><\/p>\n<p><a href=\"https:\/\/corecon-am50anos.com.br\/transparencia\/wp-content\/uploads\/2022\/05\/06-Demonstrativo-Varia\u00e7\u00f5es-Patrimoniais-2021.pdf\">06 &#8211; Demonstrativo Varia\u00e7\u00f5es Patrimoniais 2021<\/a><\/p>\n<p><a href=\"https:\/\/corecon-am50anos.com.br\/transparencia\/wp-content\/uploads\/2022\/05\/07-Comparativo-Receita-Prevista-Arrecadada-2021.pdf\">07 &#8211; Comparativo Receita Prevista Arrecadada 2021<\/a><\/p>\n<p><a href=\"https:\/\/corecon-am50anos.com.br\/transparencia\/wp-content\/uploads\/2022\/05\/08-Despesa-Autorizada-Realizada-2021.pdf\">08 &#8211; Despesa Autorizada Realizada 2021<\/a> <a href=\"https:\/\/corecon-am50anos.com.br\/transparencia\/wp-content\/uploads\/2022\/05\/09-Balancete-Anal\u00edtico-de-Verifica\u00e7\u00e3o-2021.pdf\">0<\/a><\/p>\n<p><a href=\"https:\/\/corecon-am50anos.com.br\/transparencia\/wp-content\/uploads\/2022\/05\/09-Balancete-Anal\u00edtico-de-Verifica\u00e7\u00e3o-2021.pdf\">9 &#8211; Balancete Anal\u00edtico de Verifica\u00e7\u00e3o 2021<\/a><\/p>\n<p>&nbsp;<\/p>\n<p>__________________________________________________________________________________________________________________________<\/p>\n<p><strong>EXERC\u00cdCIO DE 2020<\/strong><\/p>\n<p><a href=\"https:\/\/corecon-am50anos.com.br\/transparencia\/wp-content\/uploads\/2021\/10\/RELAT\u00d3RIO-DE-GEST\u00c3O-2020.pdf\">RELAT\u00d3RIO DE GEST\u00c3O 2020<\/a><\/p>\n<p>Presidente: Francisco de Assis Mour\u00e3o J\u00fanior<br \/>\nVice-Presidente: Jos\u00e9 Altamir Barroso Cordeiro<\/p>\n<p>PRESTA\u00c7\u00c3O DE CONTAS<br \/>\n<a href=\"https:\/\/corecon-am50anos.com.br\/transparencia\/wp-content\/uploads\/2021\/10\/01-Relat\u00f3rio-Anual-de-Presta\u00e7\u00e3o-de-Contas-2020-1.pdf\">01 &#8211; Relat\u00f3rio Anual de Presta\u00e7\u00e3o de Contas &#8211; 2020<\/a><br \/>\n<a href=\"https:\/\/corecon-am50anos.com.br\/transparencia\/wp-content\/uploads\/2021\/10\/02-Balan\u00e7o-Patrimonial-2020.pdf\">02 &#8211; Balan\u00e7o Patrimonial &#8211; 2020<\/a><br \/>\n<a href=\"https:\/\/corecon-am50anos.com.br\/transparencia\/wp-content\/uploads\/2021\/10\/03-Balan\u00e7o-Patrimonial-Comparado-2020.pdf\">03 &#8211; Balan\u00e7o Patrimonial Comparado &#8211; 2020<\/a><br \/>\n<a href=\"https:\/\/corecon-am50anos.com.br\/transparencia\/wp-content\/uploads\/2021\/10\/04-Balan\u00e7o-Financeiro-2020.pdf\">04 &#8211; Balan\u00e7o Financeiro &#8211; 2020<\/a><br \/>\n<a href=\"https:\/\/corecon-am50anos.com.br\/transparencia\/wp-content\/uploads\/2021\/10\/05-Balan\u00e7o-Or\u00e7ament\u00e1rio-2020.pdf\">05 &#8211; Balan\u00e7o Or\u00e7ament\u00e1rio &#8211; 2020<\/a><br \/>\n<a href=\"https:\/\/corecon-am50anos.com.br\/transparencia\/wp-content\/uploads\/2021\/10\/06-Demonstrativo-das-Varia\u00e7\u00f5es-Patrimoniais-2020.pdf\">06 &#8211; Demonstrativo das Varia\u00e7\u00f5es Patrimoniais &#8211; 2020<\/a><br \/>\n<a href=\"https:\/\/corecon-am50anos.com.br\/transparencia\/wp-content\/uploads\/2021\/10\/07-Comparativo-da-Receita-Or\u00e7ada-com-Arrecadada-2020.pdf\">07 &#8211; Comparativo da Receita Or\u00e7ada com Arrecadada &#8211; 2020<\/a><br \/>\n<a href=\"https:\/\/corecon-am50anos.com.br\/transparencia\/wp-content\/uploads\/2021\/10\/08-Comparativo-da-Despesa-Autorizada-com-Realizada-2020.pdf\">08 &#8211; Comparativo da Despesa Autorizada com Realizada &#8211; 2020<\/a><br \/>\n<a href=\"https:\/\/corecon-am50anos.com.br\/transparencia\/wp-content\/uploads\/2021\/10\/09-Balancete-Anal\u00edtico-de-Verifica\u00e7\u00e3o-2020.pdf\">09 &#8211; Balancete Anal\u00edtico de Verifica\u00e7\u00e3o &#8211; 2020<\/a><br \/>\n__________________________________________________________________________________________________________________________<\/p>\n<p><strong>EXERC\u00cdCIO DE 2019<\/strong><\/p>\n<p><a href=\"https:\/\/corecon-am50anos.com.br\/transparencia\/wp-content\/uploads\/2021\/10\/RELAT\u00d3RIO-DE-GEST\u00c3O-2019.pdf\">RELAT\u00d3RIO DE GEST\u00c3O 2019<\/a><\/p>\n<p>Presidente: Francisco de Assis Mour\u00e3o J\u00fanior<br \/>\nVice-Presidente: Martinho Lu\u00eds Gon\u00e7alves de Azevedo<\/p>\n<p>PRESTA\u00c7\u00c3O DE CONTAS<br \/>\n<a href=\"https:\/\/corecon-am50anos.com.br\/transparencia\/wp-content\/uploads\/2021\/10\/01-Relat\u00f3rio-Anual-de-Presta\u00e7\u00e3o-de-Contas-2019-1.pdf\">01 &#8211; Relat\u00f3rio Anual de Presta\u00e7\u00e3o de Contas &#8211; 2019<\/a><br \/>\n<a href=\"https:\/\/corecon-am50anos.com.br\/transparencia\/wp-content\/uploads\/2021\/10\/02-Balan\u00e7o-Patrimonial-2019.pdf\">02 &#8211; Balan\u00e7o Patrimonial &#8211; 2019<\/a><br \/>\n<a href=\"https:\/\/corecon-am50anos.com.br\/transparencia\/wp-content\/uploads\/2021\/10\/03-Balan\u00e7o-Patrimonial-Comparado-2019.pdf\">03 &#8211; Balan\u00e7o Patrimonial Comparado &#8211; 2019<\/a><br \/>\n<a href=\"https:\/\/corecon-am50anos.com.br\/transparencia\/wp-content\/uploads\/2021\/10\/04-Balan\u00e7o-Financeiro-2019.pdf\">04 &#8211; Balan\u00e7o Financeiro &#8211; 2019<\/a><br \/>\n<a href=\"https:\/\/corecon-am50anos.com.br\/transparencia\/wp-content\/uploads\/2021\/10\/05-Balan\u00e7o-Or\u00e7ament\u00e1rio-2019.pdf\">05 &#8211; Balan\u00e7o Or\u00e7ament\u00e1rio &#8211; 2019<\/a><br \/>\n<a href=\"https:\/\/corecon-am50anos.com.br\/transparencia\/wp-content\/uploads\/2021\/10\/07-Comparativo-da-Receita-Or\u00e7ada-com-Arrecadada-2019.pdf\">07 &#8211; Comparativo da Receita Or\u00e7ada com Arrecadada &#8211; 2019<\/a><br \/>\n<a href=\"https:\/\/corecon-am50anos.com.br\/transparencia\/wp-content\/uploads\/2021\/10\/06-Demonstrativo-das-Varia\u00e7\u00f5es-Patrimoniais-2019.pdf\">06 &#8211; Demonstrativo das Varia\u00e7\u00f5es Patrimoniais &#8211; 2019<\/a><br \/>\n<a href=\"https:\/\/corecon-am50anos.com.br\/transparencia\/wp-content\/uploads\/2021\/10\/08-Comparativo-da-Despesa-Autorizada-com-Realizada-2019.pdf\">08 &#8211; Comparativo da Despesa Autorizada com Realizada &#8211; 2019<\/a><br \/>\n<a href=\"https:\/\/corecon-am50anos.com.br\/transparencia\/wp-content\/uploads\/2021\/10\/09-Balancete-Anal\u00edtico-de-Verifica\u00e7\u00e3o-2019.pdf\">09 &#8211; Balancete Anal\u00edtico de Verifica\u00e7\u00e3o &#8211; 2019<\/a><\/p>\n<p>__________________________________________________________________________________________________________________________<\/p>\n<p><strong>EXERC\u00cdCIO DE 2018<\/strong><\/p>\n<p><a href=\"https:\/\/corecon-am50anos.com.br\/transparencia\/wp-content\/uploads\/2021\/10\/RELAT\u00d3RIO-DE-GEST\u00c3O-2018.pdf\">RELAT\u00d3RIO DE GEST\u00c3O 2018<\/a><\/p>\n<p>Presidente: Francisco de Assis Mour\u00e3o J\u00fanior<br \/>\nVice-Presidente: Nilson Tavares Pimentel<\/p>\n<p>PRESTA\u00c7\u00c3O DE CONTAS<br \/>\n<a href=\"https:\/\/corecon-am50anos.com.br\/transparencia\/wp-content\/uploads\/2021\/10\/01-Relatorio-Anual-de-Prestacao-de-Contas-2018-1.pdf\">01 &#8211; Relatorio Anual de Prestacao de Contas &#8211; 2018<\/a><br \/>\n<a href=\"https:\/\/corecon-am50anos.com.br\/transparencia\/wp-content\/uploads\/2021\/10\/02-Balanco-Patrimonial-2018.pdf\">02 &#8211; Balanco Patrimonial &#8211; 2018<\/a><br \/>\n<a href=\"https:\/\/corecon-am50anos.com.br\/transparencia\/wp-content\/uploads\/2021\/10\/03-Balanco-Patrimonial-Comparado-2018.pdf\">03 &#8211; Balanco Patrimonial Comparado &#8211; 2018<\/a><br \/>\n<a href=\"https:\/\/corecon-am50anos.com.br\/transparencia\/wp-content\/uploads\/2021\/10\/04-Balanco-Financeiro-2018.pdf\">04 &#8211; Balanco Financeiro &#8211; 2018<\/a><br \/>\n<a href=\"https:\/\/corecon-am50anos.com.br\/transparencia\/wp-content\/uploads\/2021\/10\/05-Balanco-Orcamentario-2018.pdf\">05 &#8211; Balanco Orcamentario &#8211; 2018<\/a><br \/>\n<a href=\"https:\/\/corecon-am50anos.com.br\/transparencia\/wp-content\/uploads\/2021\/10\/06-Demonstrativo-das-Variacoes-Patrimoniais-2018.pdf\">06 &#8211; Demonstrativo das Variacoes Patrimoniais &#8211; 2018<\/a><br \/>\n<a href=\"https:\/\/corecon-am50anos.com.br\/transparencia\/wp-content\/uploads\/2021\/10\/07-Comparativo-da-Receita-Orcada-com-Arrecadada-2018.pdf\">07 &#8211; Comparativo da Receita Orcada com Arrecadada &#8211; 2018<\/a><br \/>\n<a href=\"https:\/\/corecon-am50anos.com.br\/transparencia\/wp-content\/uploads\/2021\/10\/08-Comparativo-da-Despesa-Autorizada-com-Realizada-2018.pdf\">08 &#8211; Comparativo da Despesa Autorizada com Realizada &#8211; 2018<\/a><br \/>\n<a href=\"https:\/\/corecon-am50anos.com.br\/transparencia\/wp-content\/uploads\/2021\/10\/09-Balancete-Analitico-de-Verificacao-2018.pdf\">09 &#8211; Balancete Analitico de Verificacao &#8211; 2018<\/a><br \/>\n__________________________________________________________________________________________________________________________<\/p>\n<p><strong>EXERC\u00cdCIO DE 2017<\/strong><\/p>\n<p><a href=\"https:\/\/corecon-am50anos.com.br\/transparencia\/wp-content\/uploads\/2021\/10\/RELAT\u00d3RIO-DE-GEST\u00c3O-2017.pdf\">RELAT\u00d3RIO DE GEST\u00c3O 2017<\/a><\/p>\n<p>Presidente: Nelson Azevedo dos Santos<br \/>\nVice-Presidente: Stony Bind\u00e1 Figueiredo<\/p>\n<p>PRESTA\u00c7\u00c3O DE CONTAS<br \/>\n<a href=\"https:\/\/corecon-am50anos.com.br\/transparencia\/wp-content\/uploads\/2021\/10\/01-Relat\u00f3rio-Anual-de-Presta\u00e7\u00e3o-de-Contas-2017-1.pdf\">01 &#8211; Relat\u00f3rio Anual de Presta\u00e7\u00e3o de Contas &#8211; 2017<\/a><br \/>\n<a href=\"https:\/\/corecon-am50anos.com.br\/transparencia\/wp-content\/uploads\/2021\/10\/02-Balan\u00e7o-Patrimonial-2017.pdf\">02 &#8211; Balan\u00e7o Patrimonial &#8211; 2017<\/a><br \/>\n<a href=\"https:\/\/corecon-am50anos.com.br\/transparencia\/wp-content\/uploads\/2021\/10\/03-Balan\u00e7o-Patrimonial-Comparado-2017.pdf\">03 &#8211; Balan\u00e7o Patrimonial Comparado &#8211; 2017<\/a><br \/>\n<a href=\"https:\/\/corecon-am50anos.com.br\/transparencia\/wp-content\/uploads\/2021\/10\/04-Balan\u00e7o-Financeiro-2017.pdf\">04 &#8211; Balan\u00e7o Financeiro &#8211; 2017<\/a><br \/>\n<a href=\"https:\/\/corecon-am50anos.com.br\/transparencia\/wp-content\/uploads\/2021\/10\/05-Balan\u00e7o-Or\u00e7ament\u00e1rio-2017.pdf\">05 &#8211; Balan\u00e7o Or\u00e7ament\u00e1rio &#8211; 2017<\/a><br \/>\n<a href=\"https:\/\/corecon-am50anos.com.br\/transparencia\/wp-content\/uploads\/2021\/10\/06-Demonstrativo-das-Varia\u00e7\u00f5es-Patrimoniais-2017.pdf\">06 &#8211; Demonstrativo das Varia\u00e7\u00f5es Patrimoniais &#8211; 2017<\/a><br \/>\n<a href=\"https:\/\/corecon-am50anos.com.br\/transparencia\/wp-content\/uploads\/2021\/10\/08-Comparativo-da-Despesa-Autorizada-com-Realizada-2017.pdf\">08 &#8211; Comparativo da Despesa Autorizada com Realizada &#8211; 2017<\/a><br \/>\n<a href=\"https:\/\/corecon-am50anos.com.br\/transparencia\/wp-content\/uploads\/2021\/10\/07-Comparativo-da-Receita-Or\u00e7ada-com-Arrecadada-2017.pdf\">07 &#8211; Comparativo da Receita Or\u00e7ada com Arrecadada &#8211; &#8211; 2017<\/a><br \/>\n<a href=\"https:\/\/corecon-am50anos.com.br\/transparencia\/wp-content\/uploads\/2021\/10\/09-Balancete-Anal\u00edtico-de-Verifica\u00e7\u00e3o-2017.pdf\">09 &#8211; Balancete Anal\u00edtico de Verifica\u00e7\u00e3o &#8211; 2017<\/a><br \/>\n__________________________________________________________________________________________________________________________<\/p>\n<p><strong>EXERC\u00cdCIO DE 2016<\/strong><\/p>\n<p><a href=\"https:\/\/corecon-am50anos.com.br\/transparencia\/wp-content\/uploads\/2021\/10\/RELAT\u00d3RIO-DE-GEST\u00c3O-2016.pdf\">RELAT\u00d3RIO DE GEST\u00c3O 2016<\/a><\/p>\n<p>Presidente: Nelson Azevedo dos Santos<br \/>\nVice-Presidente: Jos\u00e9 Guilherme Fonseca de Azevedo<\/p>\n<p>PRESTA\u00c7\u00c3O DE CONTAS<br \/>\n<a href=\"https:\/\/corecon-am50anos.com.br\/transparencia\/wp-content\/uploads\/2021\/10\/01-Relat\u00f3rio-Anual-de-Presta\u00e7\u00e3o-de-Contas-2016-1.pdf\">01 &#8211; Relat\u00f3rio Anual de Presta\u00e7\u00e3o de Contas &#8211; 2016<\/a><br \/>\n<a href=\"https:\/\/corecon-am50anos.com.br\/transparencia\/wp-content\/uploads\/2021\/10\/02-Balan\u00e7o-Patrimonial-2016.pdf\">02 &#8211; Balan\u00e7o Patrimonial &#8211; 2016<\/a><br \/>\n<a href=\"https:\/\/corecon-am50anos.com.br\/transparencia\/wp-content\/uploads\/2021\/10\/03-Balan\u00e7o-Patrimonial-Comparado-2016.pdf\">03 &#8211; Balan\u00e7o Patrimonial Comparado &#8211; 2016<\/a><br \/>\n<a href=\"https:\/\/corecon-am50anos.com.br\/transparencia\/wp-content\/uploads\/2021\/10\/04-Balan\u00e7o-Financeiro-2016.pdf\">04 &#8211; Balan\u00e7o Financeiro &#8211; 2016<\/a><br \/>\n<a href=\"https:\/\/corecon-am50anos.com.br\/transparencia\/wp-content\/uploads\/2021\/10\/05-Balan\u00e7o-Or\u00e7ament\u00e1rio-2016.pdf\">05 &#8211; Balan\u00e7o Or\u00e7ament\u00e1rio &#8211; 2016<\/a><br \/>\n<a href=\"https:\/\/corecon-am50anos.com.br\/transparencia\/wp-content\/uploads\/2021\/10\/06-Demonstrativo-das-Varia\u00e7\u00f5es-Patrimoniais-2016.pdf\">06 &#8211; Demonstrativo das Varia\u00e7\u00f5es Patrimoniais &#8211; 2016<\/a><br \/>\n<a href=\"https:\/\/corecon-am50anos.com.br\/transparencia\/wp-content\/uploads\/2021\/10\/07-Comparativo-da-Receita-Or\u00e7ada-com-Arrecadada-2016.pdf\">07 &#8211; Comparativo da Receita Or\u00e7ada com Arrecadada &#8211; 2016<\/a><br \/>\n<a href=\"https:\/\/corecon-am50anos.com.br\/transparencia\/wp-content\/uploads\/2021\/10\/08-Comparativo-da-Despesa-Autorizada-com-Realizada-2016.pdf\">08 &#8211; Comparativo da Despesa Autorizada com Realizada &#8211; 2016<\/a><br \/>\n<a href=\"https:\/\/corecon-am50anos.com.br\/transparencia\/wp-content\/uploads\/2021\/10\/09-Balancete-Anal\u00edtico-de-Verifica\u00e7\u00e3o-2016.pdf\">09 &#8211; Balancete Anal\u00edtico de Verifica\u00e7\u00e3o &#8211; 2016<\/a><\/p>\n<p>__________________________________________________________________________________________________________________________<\/p>\n<p><strong>EXERC\u00cdCIO DE 2015<\/strong><\/p>\n<p><a href=\"https:\/\/corecon-am50anos.com.br\/transparencia\/wp-content\/uploads\/2021\/10\/RELATORIO-DE-GEST\u00c3O-2015.pdf\">RELATORIO DE GEST\u00c3O 2015<\/a><\/p>\n<p>Presidente: Marcus Anselmo da Cunha Evangelista<br \/>\nVice-Presidente: Nelson Azevedo dos Santos<\/p>\n<p>PRESTA\u00c7\u00c3O DE CONTAS<br \/>\n<a href=\"https:\/\/corecon-am50anos.com.br\/transparencia\/wp-content\/uploads\/2021\/10\/01-Relat\u00f3rio-Anual-de-Presta\u00e7\u00e3o-de-Contas-2015.pdf\">01 &#8211; Relat\u00f3rio Anual de Presta\u00e7\u00e3o de Contas &#8211; 2015<\/a><br \/>\n<a href=\"https:\/\/corecon-am50anos.com.br\/transparencia\/wp-content\/uploads\/2021\/10\/02-Balan\u00e7o-Patrimonial-2015-1.pdf\">02 &#8211; Balan\u00e7o Patrimonial &#8211; 2015<\/a><br \/>\n<a href=\"https:\/\/corecon-am50anos.com.br\/transparencia\/wp-content\/uploads\/2021\/10\/03-Balan\u00e7o-Patrimonial-Comparado-2015-1.pdf\">03 &#8211; Balan\u00e7o Patrimonial Comparado &#8211; 2015<\/a><br \/>\n<a href=\"https:\/\/corecon-am50anos.com.br\/transparencia\/wp-content\/uploads\/2021\/10\/04-Balan\u00e7o-Financeiro-2015.pdf\">04 &#8211; Balan\u00e7o Financeiro &#8211; 2015<\/a><br \/>\n<a href=\"https:\/\/corecon-am50anos.com.br\/transparencia\/wp-content\/uploads\/2021\/10\/05-Balan\u00e7o-Or\u00e7ament\u00e1rio-2015.pdf\">05 &#8211; Balan\u00e7o Or\u00e7ament\u00e1rio &#8211; 2015<\/a><br \/>\n<a href=\"https:\/\/corecon-am50anos.com.br\/transparencia\/wp-content\/uploads\/2021\/10\/06-Demonstrativo-das-Varia\u00e7\u00f5es-Patrimoniais-2015.pdf\">06 &#8211; Demonstrativo das Varia\u00e7\u00f5es Patrimoniais &#8211; 2015<\/a><br \/>\n<a href=\"https:\/\/corecon-am50anos.com.br\/transparencia\/wp-content\/uploads\/2021\/10\/07-Comparativo-da-Receita-Or\u00e7ada-com-Arrecadada-2015-1.pdf\">07 &#8211; Comparativo da Receita Or\u00e7ada com Arrecadada &#8211; 2015<\/a><br \/>\n<a href=\"https:\/\/corecon-am50anos.com.br\/transparencia\/wp-content\/uploads\/2021\/10\/08-Comparativo-da-Despesa-Autorizada-com-Realizada-2015-1.pdf\">08 &#8211; Comparativo da Despesa Autorizada com Realizada &#8211; 2015<\/a><br \/>\n<a href=\"https:\/\/corecon-am50anos.com.br\/transparencia\/wp-content\/uploads\/2021\/10\/09-Balancete-Anal\u00edtico-de-Verifica\u00e7\u00e3o-2015-1.pdf\">09 &#8211; Balancete Anal\u00edtico de Verifica\u00e7\u00e3o &#8211; 2015<\/a><\/p>\n<p>__________________________________________________________________________________________________________________________<\/p>\n<p><strong>EXERC\u00cdCIO DE 2014<\/strong><\/p>\n<p><a href=\"https:\/\/corecon-am50anos.com.br\/transparencia\/wp-content\/uploads\/2021\/10\/RELAT\u00d3RIO-DE-GEST\u00c3O-2014.pdf\">RELAT\u00d3RIO DE GEST\u00c3O 2014<\/a><\/p>\n<p>Presidente: Marcus Anselmo da Cunha Evangelista<br \/>\nVice-Presidente: Nelson Azevedo dos Santos<\/p>\n<p>__________________________________________________________________________________________________________________________<\/p>\n<p><strong>EXERC\u00cdCIO DE 2013<\/strong><\/p>\n<p><a href=\"https:\/\/corecon-am50anos.com.br\/transparencia\/wp-content\/uploads\/2021\/10\/RELAT\u00d3RIO-DE-GEST\u00c3O-2013.pdf\">RELAT\u00d3RIO DE GEST\u00c3O 2013<\/a><\/p>\n<p>Presidente: Marcus Anselmo da Cunha Evangelista<br \/>\nVice-Presidente: Nelson Azevedo dos Santos<\/p>\n<p>__________________________________________________________________________________________________________________________<\/p>\n<p><strong>EXERC\u00cdCIO DE 2012<\/strong><\/p>\n<p><a href=\"https:\/\/corecon-am50anos.com.br\/transparencia\/wp-content\/uploads\/2021\/10\/RELAT\u00d3RIO-DE-GEST\u00c3O-2012.pdf\">RELAT\u00d3RIO DE GEST\u00c3O 2012<\/a><\/p>\n<p>Presidente: Ailson Nogueira Rezende<br \/>\nVice-Presidente: Francisco de Assis Mour\u00e3o J\u00fanior<\/p>\n<p>__________________________________________________________________________________________________________________________<\/p>\n<p><strong>EXERC\u00cdCIO DE 2011<\/strong><\/p>\n<p><a href=\"https:\/\/corecon-am50anos.com.br\/transparencia\/wp-content\/uploads\/2021\/10\/RELATORIO-DE-GESTAO-2011.pdf\">RELATORIO DE GESTAO 2011<\/a><\/p>\n<p>Presidente: Erivaldo Lopes do Vale<br \/>\nVice-Presidente: Ailson Nogueira Rezende<\/p>\n<p>__________________________________________________________________________________________________________________________<\/p>\n<p><strong>EXERC\u00cdCIO DE 2010<\/strong><\/p>\n<p><a href=\"https:\/\/corecon-am50anos.com.br\/transparencia\/wp-content\/uploads\/2021\/10\/RELAT\u00d3RIO-DE-GEST\u00c3O-2010.pdf\">RELAT\u00d3RIO DE GEST\u00c3O 2010<\/a><\/p>\n<p>Presidente: Erivaldo Lopes do Vale<br \/>\nVice-Presidente: Edson Nogueira Fernandes J\u00fanior<\/p>\n","protected":false},"excerpt":{"rendered":"<p>EXERC\u00cdCO DE 202 Relat\u00f3rio de Gest\u00e3o 2022 Presidente: Marcus Anselmo da Cunha Evangelista Vice-Presidente: Judah Torres Lima PRESTA\u00c7\u00c3O DE CONTAS 01 &#8211; Relat\u00f3rio Anual de Presta\u00e7\u00e3o de Contas 2022 02 &#8211; Balan\u00e7o Patrimonial 2022 03 &#8211; Balan\u00e7o Patrimonial Comparado 2022 04 &#8211; Balan\u00e7o Financeiro 2022 05 &#8211; Balan\u00e7o Or\u00e7ament\u00e1rio 2022 06 &#8211; Demonstra\u00e7\u00e3o das Varia\u00e7\u00f5es &hellip; <a href=\"https:\/\/corecon-am50anos.com.br\/transparencia\/relatorio-de-gestao\/\" class=\"more-link\">Continue reading <span class=\"screen-reader-text\">Relat\u00f3rio de Gest\u00e3o<\/span><\/a><\/p>\n","protected":false},"author":1,"featured_media":0,"parent":0,"menu_order":0,"comment_status":"closed","ping_status":"closed","template":"","meta":[],"_links":{"self":[{"href":"https:\/\/corecon-am50anos.com.br\/transparencia\/wp-json\/wp\/v2\/pages\/111"}],"collection":[{"href":"https:\/\/corecon-am50anos.com.br\/transparencia\/wp-json\/wp\/v2\/pages"}],"about":[{"href":"https:\/\/corecon-am50anos.com.br\/transparencia\/wp-json\/wp\/v2\/types\/page"}],"author":[{"embeddable":true,"href":"https:\/\/corecon-am50anos.com.br\/transparencia\/wp-json\/wp\/v2\/users\/1"}],"replies":[{"embeddable":true,"href":"https:\/\/corecon-am50anos.com.br\/transparencia\/wp-json\/wp\/v2\/comments?post=111"}],"version-history":[{"count":39,"href":"https:\/\/corecon-am50anos.com.br\/transparencia\/wp-json\/wp\/v2\/pages\/111\/revisions"}],"predecessor-version":[{"id":1550,"href":"https:\/\/corecon-am50anos.com.br\/transparencia\/wp-json\/wp\/v2\/pages\/111\/revisions\/1550"}],"wp:attachment":[{"href":"https:\/\/corecon-am50anos.com.br\/transparencia\/wp-json\/wp\/v2\/media?parent=111"}],"curies":[{"name":"wp","href":"https:\/\/api.w.org\/{rel}","templated":true}]}}