{"id":112,"date":"2021-10-10T20:01:49","date_gmt":"2021-10-10T23:01:49","guid":{"rendered":"https:\/\/corecon-am50anos.com.br\/transparencia\/?page_id=112"},"modified":"2024-01-04T16:42:21","modified_gmt":"2024-01-04T19:42:21","slug":"rol-de-responsaveis","status":"publish","type":"page","link":"https:\/\/corecon-am50anos.com.br\/transparencia\/rol-de-responsaveis\/","title":{"rendered":"Rol de Respons\u00e1veis"},"content":{"rendered":"<p><strong>M\u00c1RCIO PAIX\u00c3O RIBEIRO<\/strong><\/p>\n<p>CPF: 618.882.572-53<\/p>\n<p>Presidente do CORECON-AM<\/p>\n<p>gerencia@corecon13am.org.br<\/p>\n<p><strong>JOS\u00c9 ALTAMIR BARROSO CORDEIRO<\/strong><\/p>\n<p>CPF: 193.663.372-87<\/p>\n<p>Vice-Presidente do CORECON-AM<\/p>\n<p>gerencia@corecon13am.org.br<\/p>\n<p><strong>LUIZ CESAR TEIXEIRA DA SILVEIRA<\/strong><\/p>\n<p>Gerente Executivo \/ Fiscal da Profiss\u00e3o<\/p>\n<p>fiscalizacao@corecon13am.org.br<\/p>\n<p>gerencia@corecon13am.org.br<\/p>\n","protected":false},"excerpt":{"rendered":"<p>M\u00c1RCIO PAIX\u00c3O RIBEIRO CPF: 618.882.572-53 Presidente do CORECON-AM gerencia@corecon13am.org.br JOS\u00c9 ALTAMIR BARROSO CORDEIRO CPF: 193.663.372-87 Vice-Presidente do CORECON-AM gerencia@corecon13am.org.br LUIZ CESAR TEIXEIRA DA SILVEIRA Gerente Executivo \/ Fiscal da Profiss\u00e3o fiscalizacao@corecon13am.org.br gerencia@corecon13am.org.br<\/p>\n","protected":false},"author":1,"featured_media":0,"parent":0,"menu_order":0,"comment_status":"closed","ping_status":"closed","template":"","meta":[],"_links":{"self":[{"href":"https:\/\/corecon-am50anos.com.br\/transparencia\/wp-json\/wp\/v2\/pages\/112"}],"collection":[{"href":"https:\/\/corecon-am50anos.com.br\/transparencia\/wp-json\/wp\/v2\/pages"}],"about":[{"href":"https:\/\/corecon-am50anos.com.br\/transparencia\/wp-json\/wp\/v2\/types\/page"}],"author":[{"embeddable":true,"href":"https:\/\/corecon-am50anos.com.br\/transparencia\/wp-json\/wp\/v2\/users\/1"}],"replies":[{"embeddable":true,"href":"https:\/\/corecon-am50anos.com.br\/transparencia\/wp-json\/wp\/v2\/comments?post=112"}],"version-history":[{"count":12,"href":"https:\/\/corecon-am50anos.com.br\/transparencia\/wp-json\/wp\/v2\/pages\/112\/revisions"}],"predecessor-version":[{"id":1745,"href":"https:\/\/corecon-am50anos.com.br\/transparencia\/wp-json\/wp\/v2\/pages\/112\/revisions\/1745"}],"wp:attachment":[{"href":"https:\/\/corecon-am50anos.com.br\/transparencia\/wp-json\/wp\/v2\/media?parent=112"}],"curies":[{"name":"wp","href":"https:\/\/api.w.org\/{rel}","templated":true}]}}