{"id":113,"date":"2021-10-10T20:01:54","date_gmt":"2021-10-10T23:01:54","guid":{"rendered":"https:\/\/corecon-am50anos.com.br\/transparencia\/?page_id=113"},"modified":"2023-01-30T15:00:38","modified_gmt":"2023-01-30T18:00:38","slug":"sistema-cofeconcorecons","status":"publish","type":"page","link":"https:\/\/corecon-am50anos.com.br\/transparencia\/sistema-cofeconcorecons\/","title":{"rendered":"Sistema COFECON\/CORECONs"},"content":{"rendered":"<p><strong>CONSELHO FEDERAL DE ECONOMIA<\/strong><br \/>\nSetor Comercial Sul Quadra 2, Bloco B, Ed. Pal\u00e1cio do Com\u00e9rcio, 12\u00ba Andar<br \/>\nBras\u00edlia \/ DF, CEP: 70.318-900<br \/>\nTelefones: (61) 3208-1800, (61) 3202-3009<br \/>\nE-mail:atendimentoregionais@cofecon.gov.br<br \/>\nRespons\u00e1vel Direto: Aline Tales Ferreira \/ Superintendente em exerc\u00edcio<br \/>\nPresidente: Paulo Dantas da Costa<br \/>\nVice-Presidente: Eduardo Rodrigues da Silva<br \/>\nSite: <a href=\"http:\/\/www.cofecon.org.br\">www.cofecon.org.br<\/a><\/p>\n<p><strong>REGI\u00c3O NORTE<\/strong><\/p>\n<p><strong>CONSELHO REGIONAL DE ECONOMIA \u2013 23\u00aa REGI\u00c3O \u2013 AC<\/strong><br \/>\nEndere\u00e7o: Av Cear\u00e1, 3201 \u2013 1\u00ba Piso, Alto da Convel Abra\u00e3o Alab<br \/>\nRio Branco \/ AC, CEP: 69.918-084<br \/>\nTelefones: (68) 2102-7268<br \/>\nE-mail: secretaria@corecon-ac.org.br<br \/>\nRespons\u00e1vel Direto: Carina da Cunha Oliveira \/ Assistente Administrativo<br \/>\nPresidente: Aldenir Gomes de Paiva<br \/>\nVice-Presidente: Elino Silva de Mendon\u00e7a<br \/>\nSite: <a href=\"http:\/\/www.corecon-ac.org.br\">www.corecon-ac.org.br<\/a><\/p>\n<p><strong>CONSELHO REGIONAL DE ECONOMIA \u2013 13\u00aa REGI\u00c3O \u2013 AM<\/strong><br \/>\nEndere\u00e7o: Rua Leonardo Malcher, 768 \u2013 Centro<br \/>\nManaus \/ AM, CEP: 69.010-170<br \/>\nTelefones: (92) 3234-2421 \/ 3622-7880 \/ 3622-2826<br \/>\nE-mail: gerencia@corecon13am.org.br; atendimento@corecon13am.org.br<br \/>\nRespons\u00e1vel Direto: Luiz Cesar \/ Gerente Interino<br \/>\nPresidente: Marcus Anselmo da Cunha Evangelista<br \/>\nVice-Presidente: M\u00e1rcio Paix\u00e3o Ribeiro<br \/>\nSite:<a href=\"http:\/\/www.corecon-am.org.br\"> www.corecon-am.org.br<\/a><\/p>\n<p><strong>CONSELHO REGIONAL DE ECONOMIA \u2013 9\u00aa REGI\u00c3O \u2013 PA\/AP<\/strong><br \/>\nEndere\u00e7o: Rua Jer\u00f4nimo Pimentel, 918 \u2013 Umarizal<br \/>\nBel\u00e9m \/ PA, CEP: 66.055-000<br \/>\nTelefones: (91) 3242-0207\/ (91) 3223-1988<br \/>\nE-mail: adm@coreconpara.org.br<br \/>\nRespons\u00e1vel Direto: Maria Goretti Sarmanho dos Santos Freire \/ Gerente Executiva<br \/>\nPresidente: Roberto Carlos Quintela de Alcantara<br \/>\nVice-Presidente: Pablo Damasceno Reis<br \/>\nSite: <a href=\"http:\/\/www.coreconpara.org\">www.coreconpara.org<\/a><\/p>\n<p><strong>CONSELHO REGIONAL DE ECONOMIA \u2013 24\u00aa REGI\u00c3O \u2013 RO<\/strong><br \/>\nEndere\u00e7o: Rua Jo\u00e3o Goulart, 2914, Galeria Sbarzi, sala 04 \u2013 S\u00e3o Jo\u00e3o Bosco<br \/>\nPorto Velho \/ RO, CEP: 76.803-756<br \/>\nTelefones: (69) 3224-1452\/ Fax: (69) 3224-1452<br \/>\nE-mail: corecon-ro@cofecon.org.br; coreconro@gmail.com<br \/>\nRespons\u00e1vel Direto: Sirlene Rocha de Melo \/ Assistente ao Economista<br \/>\nPresidente: Jo\u00e3o Batista Teixeira de Aguiar<br \/>\nVice-Presidente: Avenilson Gomes da Trindade<br \/>\nSite: <a href=\"http:\/\/www.corecon-ro.org.br\">www.corecon-ro.org.br<\/a><\/p>\n<p><strong>CONSELHO REGIONAL DE ECONOMIA \u2013 27\u00aa REGI\u00c3O \u2013 RR<\/strong><br \/>\nEndere\u00e7o: Avenida Major Williams, n\u00ba 2108 &#8211; S\u00e3o Francisco<br \/>\nBoa Vista \/ RR, CEP: 69.301-110<br \/>\nTelefones: (95) 3624-1517<br \/>\nE-mail: corecon.rr@gmail.com<br \/>\nRespons\u00e1vel Direto: Thayhalla Francisca Cunha Menezes \/ Gerente Executiva<br \/>\nPresidente: F\u00e1bio Rodrigues Martinez<br \/>\nVice-Presidente: Ingrid Cardoso Caldas<br \/>\nSite: <a href=\"http:\/\/www.coreconrr.gov.br\">www.coreconrr.gov.br<\/a><\/p>\n<p><strong>CONSELHO REGIONAL DE ECONOMIA \u2013 25\u00aa REGI\u00c3O \u2013 TO<\/strong><br \/>\nEndere\u00e7o: Quadra 104 Sul (ACSE 01) Conjunto 04, Lote 12,Sala 106. C\/ Avenida LO 01.<br \/>\nPalmas \/ TO, CEP: 77.020-020<br \/>\nTelefones: (63) 3215-2886\/(63) 3215-8660<br \/>\nE-mail: coreconto@gmail.com; coreconto2015@gmail.com<br \/>\nPresidente: Maria do Socorro Erculano de Lima<br \/>\nVice-Presidente: Wagner Borges<br \/>\nSite: <a href=\"http:\/\/www.corecon-to.org.br\">www.corecon-to.org.br<\/a><\/p>\n<p><strong>REGI\u00c3O NORDESTE<\/strong><\/p>\n<p><strong>CONSELHO REGIONAL DE ECONOMIA \u2013 12\u00aa REGI\u00c3O \u2013 AL<\/strong><br \/>\nEndere\u00e7o: Rua Dias Cabral, 165, 1\u00ba andar \u2013 Centro<br \/>\nMacei\u00f3 \/ AL, CEP: 57.020-250<br \/>\nTelefones: (82) 3221-3850<br \/>\nE-mail: corecon-al@cofecon.gov.br<br \/>\nRespons\u00e1vel Direto: Inaldo Rom\u00e3o da Silva Filho \/ Profissional de Assist\u00eancia ao Economista<br \/>\nPresidente: Marcos Ant\u00f4nio Moreira Calheiros<br \/>\nVice-Presidente: Cleydner Marques de Magalh\u00e3es Maur\u00edcio<br \/>\nSite: <a href=\"http:\/\/www.corecon-al.org.br\">www.corecon-al.org.br<\/a><\/p>\n<p><strong>CONSELHO REGIONAL DE ECONOMIA \u2013 5\u00aa REGI\u00c3O \u2013 BA<\/strong><br \/>\nEndere\u00e7o: Rua Frederico Sim\u00f5es n\u00ba 98, Ed. Advanced Trade Center sala 505 \u2013 Caminho das \u00c1rvores \u2013 Pituba<br \/>\nSalvador \/ BA, CEP: 41.820-774<br \/>\nTelefones: (71) 3341-1597\/ 3341-2770 \/ 3341-2764\/ Fax: (71) 3341-1597<br \/>\nE-mail: brunopiress@yahoo.com.br; superintendencia@corecon-ba.org.br; corecon-ba@corecon-ba.org.br<\/p>\n<p>Respons\u00e1vel Direto: Bruno Pires Sacramento \/ Superintendente<br \/>\nPresidente: Gustavo Casseb Pessoti<br \/>\nVice-Presidente: Reinaldo Dantas Sampaio<br \/>\nSite: <a href=\"http:\/\/www.corecon-ba.org.br\">www.corecon-ba.org.br<\/a><\/p>\n<p><strong>CONSELHO REGIONAL DE ECONOMIA \u2013 3\u00aa REGI\u00c3O \u2013 PE<\/strong><br \/>\nEndere\u00e7o: Rua do Riachuelo, Ed. C\u00edrculo Cat\u00f3lico, 105 sala 212 \u2013 Boa Vista<br \/>\nRecife \/ PE, CEP: 50.050-400<br \/>\nTelefones: (81) 3221-2473\/ 3039-8842 \/ 99985-8433<br \/>\nE-mail: gerencia@coreconpe.gov.br; coreconpe@coreconpe.gov.br<br \/>\nRespons\u00e1vel Direto: Rayssa Kelly Melo das Merc\u00eas \/ Gerente Executiva<br \/>\nPresidente: Andr\u00e9 Lima de Morais<br \/>\nVice-Presidente: Poema Isis Andrade de Souza<br \/>\nSite: <a href=\"http:\/\/www.coreconpe.gov.br\">www.coreconpe.gov.br<\/a><\/p>\n<p><strong>CONSELHO REGIONAL DE ECONOMIA \u2013 22\u00aa REGI\u00c3O \u2013 PI<\/strong><br \/>\nEndere\u00e7o: Avenida J\u00f3quei Clube, n\u00ba 299, Edif\u00edcio Eurobusiness, sala 603 &#8211; J\u00f3quei<br \/>\nTERESINA \/ PI, CEP: 64.049-240.<br \/>\nTelefones: (86) 3221-7337\/ (86) 98811-4564 (Whatsapp)<br \/>\nE-mail: mesgosilva@gmail.com; corecon.pi@gmail.com; coreconpi@corecon-pi.org.br<br \/>\nRespons\u00e1vel Direto: Maria do Esp\u00edrito Santo Gon\u00e7alves de Oliveira Silva \/ Secret\u00e1ria Executiva<br \/>\nPresidente: Valmir Martins Falc\u00e3o Sobrinho<br \/>\nVice-Presidente: Dorgilan Rodrigues da Cruz<br \/>\nSite: <a href=\"http:\/\/www.corecon-pi.org.br\">www.corecon-pi.org.br<\/a><\/p>\n<p><strong>CONSELHO REGIONAL DE ECONOMIA \u2013 8\u00aa REGI\u00c3O \u2013 CE<\/strong><br \/>\nEndere\u00e7o: Avenida Ant\u00f4nio Sales, 1317 \u2013 sala 102 \u2013 Ed. Nordeste Center &#8211; Joaquim da T\u00e1vora<br \/>\nFortaleza \/ CE, CEP: 60.135-100<br \/>\nTelefones: (85) 3246-1551\/ Fax: (85) 3246-0723<br \/>\nE-mail: corecon-ce@hotmail.com<br \/>\nPresidente: Silvana Maria Parente Neiva Santos<br \/>\nVice-Presidente: Desir\u00e9e Custodio Mota<br \/>\nSite: <a href=\"http:\/\/www.corecon-ce.org.br\">www.corecon-ce.org.br<\/a><\/p>\n<p><strong>CONSELHO REGIONAL DE ECONOMIA \u2013 15\u00aa REGI\u00c3O \u2013 MA<\/strong><br \/>\nEndere\u00e7o: Av. Jer\u00f4nimo de Albuquerque, s\/ n\u00ba, Casa do Trabalhador, sala 104 \u2013 Calhau<br \/>\nS\u00e3o Lu\u00eds \/ MA, CEP: 65.074-220<br \/>\nTelefones: (98) 3246-1784<br \/>\nE-mail: gerencia@corecon-ma.org.br<br \/>\nRespons\u00e1vel Direto: Marlene Costa Luz \/ Gerente Executiva \/ (98) 98413-3573<br \/>\nPresidente: Jo\u00e3o Carlos Souza Marques<br \/>\nVice-Presidente: Marcello Apol\u00f4nio Duailibe Barros<br \/>\nSite: <a href=\"http:\/\/www.corecon-ma.org.br\">www.corecon-ma.org.br<\/a><\/p>\n<p><strong>CONSELHO REGIONAL DE ECONOMIA \u2013 16\u00aa REGI\u00c3O \u2013 SE<\/strong><br \/>\nEndere\u00e7o: Rua Duque de Caxias, 398 \u2013 S\u00e3o Jos\u00e9<br \/>\nAracaju \/ SE, CEP: 49.015-320<br \/>\nTelefones: (79) 3214-1883<br \/>\nE-mail: gerenciaexecutiva@corecon-se.org.br; artemisabatista@hotmail.com<br \/>\nRespons\u00e1vel Direto: Artemisa Ribeiro Batista \/ Gerente Executiva \/ (79) 3214-1883 \/ (79) 99199-2257<br \/>\nPresidente: Saum\u00edneo da Silva Nascimento<br \/>\nVice-Presidente: Aden\u00edsia Carvalho de A. Vasconcelos<br \/>\nSite: <a href=\"http:\/\/www.corecon-se.org.br\">www.corecon-se.org.br<\/a><\/p>\n<p><strong>CONSELHO REGIONAL DE ECONOMIA \u2013 19\u00aa REGI\u00c3O \u2013 RN<\/strong><br \/>\nEndere\u00e7o: Rua Princesa Isabel, 815 &#8211; Cidade Alta<br \/>\nNatal \/ RN, CEP: 59.025-400<br \/>\nTelefones: (84) 3201-1005 \/ 3201-1655\/ Fax: (84) 3201-1655<br \/>\nE-mail: corecon-rn@corecon-rn.org.br<br \/>\nRespons\u00e1vel Direto: Francisca Suerda Soares de Oliveira \/ Gestora de Finan\u00e7as e Fiscaliza\u00e7\u00e3o<br \/>\nPresidente: Candido Gabriel de Ara\u00fajo<br \/>\nVice-Presidente: Francisco de Assis Raimundo da Silva<br \/>\nSite: <a href=\"http:\/\/www.corecon-rn.org.br\">www.corecon-rn.org.br<\/a><\/p>\n<p><strong>CONSELHO REGIONAL DE ECONOMIA \u2013 21\u00aa REGI\u00c3O \u2013 PB<\/strong><br \/>\nEndere\u00e7o: Avenida Presidente Epit\u00e1cio Pessoa, 2491 sala 04, 1\u00ba andar &#8211; Bairro dos Estados<br \/>\nJo\u00e3o Pessoa \/ PB, CEP: 58.030-002<br \/>\nTelefones: (83) 3241-1089\/ Fax:(83) 3241-1089<br \/>\nE-mail: corecon-pb@cofecon.org.br<br \/>\nRespons\u00e1vel Direto: Niedja Mayara dos Santos Molla \/ Gerente Administrativo<br \/>\nPresidente: Francisco Nunes de Almeida<br \/>\nVice-Presidente: Celso Pinto Mangueira<br \/>\nSite: <a href=\"http:\/\/www.corecon-pb.org.br\">www.corecon-pb.org.br<\/a><\/p>\n<p><strong>REGI\u00c3O SUDESTE<\/strong><\/p>\n<p><strong>CONSELHO REGIONAL DE ECONOMIA \u2013 17\u00aa REGI\u00c3O \u2013 ES<\/strong><br \/>\nEndere\u00e7o: Rua Alberto de Oliveira Santos, 42 \u2013 sl. 1903\/1904 \u2013 Centro<br \/>\nVit\u00f3ria \/ ES, CEP: 29.010-250<br \/>\nTelefones: (27) 3233-0618\/ (27) 3029-0618<br \/>\nRespons\u00e1vel Direto: Josiane Gon\u00e7alves da Silva Tavares \/ Gerente Executiva<br \/>\nE-mail: josiane@corecon-es.org.br; josigtavares@hotmail.com<br \/>\nPresidente: Claudeci Pereira Neto<br \/>\nVice-Presidente: Adriano do Carmo Santos<br \/>\nSite: <a href=\"http:\/\/www.corecon-es.org.br\">www.corecon-es.org.br<\/a><\/p>\n<p><strong>CONSELHO REGIONAL DE ECONOMIA \u2013 10\u00aa REGI\u00c3O \u2013 MG<\/strong><br \/>\nEndere\u00e7o: Rua Para\u00edba, 777 &#8211; Savassi<br \/>\nBelo Horizonte \/ MG, CEP: 30.130-141<br \/>\nTelefones: (31) 3261-5806 \/ (31) 99765-5400<br \/>\nE-mail: corecon-mg@cofecon.org.br; gerencia@corecon-mg.org.br<br \/>\nRespons\u00e1vel Direto: Marco Aur\u00e9lio Loureiro \/ Gerente Executivo<br \/>\nPresidente: Tania Cristina Teixeira<br \/>\nVice-Presidente: Valquiria Aparecida Assis<br \/>\nSite: <a href=\"http:\/\/www.corecon-mg.org.br\">www.corecon-mg.org.br<\/a><\/p>\n<p><strong>CONSELHO REGIONAL DE ECONOMIA \u2013 1\u00aa REGI\u00c3O \u2013 RJ<\/strong><br \/>\nEndere\u00e7o: Av. Rio Branco, 109 \u2013 16\u00ba e 19\u00ba andares \u2013 Centro<br \/>\nRio de Janeiro \/ RJ, CEP: 20.040-906<br \/>\nTelefones: (21) 2103-0178\/ Fax: (21) 2103 -0106<br \/>\nE-mail: orecon-rj@corecon-rj.org.br; paula@corecon-rj.org.br; secexecutivo@corecon-rj.org.br<br \/>\nRespons\u00e1vel Direto: Wellington Leonardo da Silva \/ Secret\u00e1rio-Executivo \/ ( 21) 999190450 \/ (21) 2103-0107<br \/>\nPresidente: Fl\u00e1via Vinhaes Santos<br \/>\nVice-Presidente: Jos\u00e9 Antonio Lutterbach Soares<br \/>\nSite: <a href=\"http:\/\/www.corecon-rj.org.br\">www.corecon-rj.org.br<\/a><\/p>\n<p><strong>CONSELHO REGIONAL DE ECONOMIA \u2013 2\u00aa REGI\u00c3O \u2013 SP<\/strong><br \/>\nEndere\u00e7o: Rua L\u00edbero Badar\u00f3, 425 \u2013 Ed. Grande S\u00e3o Paulo, 14\u00ba andar \u2013 Centro<br \/>\nS\u00e3o Paulo \/ SP, CEP: 01.009-905<br \/>\nTelefones: (11) 3291-8700 ( Geral ) 3291-8703 ( Inform\u00e1tica ) 3291-8718 ( Contabilidade ) 3291-8707 (Jur\u00eddico)<br \/>\nFax: (11) 3291-8701<br \/>\nE-mail: juridico312@coreconsp.org.br; secpresidencia@coreconsp.org.br<br \/>\nRespons\u00e1vel Direto: Silv\u00e9rio Antonio dos Santos Jr. \/ Coordenador Administrativo \/ (11) 3291-8707<br \/>\nPresidente: \u00a0Pedro Afonso Gomes<br \/>\nVice-Presidente: Gilson de Lima Gar\u00f3falo<br \/>\nSite: <a href=\"http:\/\/www.coreconsp.gov.br\">www.coreconsp.gov.br<\/a><\/p>\n<p><strong>REGI\u00c3O SUL<\/strong><\/p>\n<p><strong>CONSELHO REGIONAL DE ECONOMIA \u2013 6\u00aa REGI\u00c3O \u2013 PR<\/strong><br \/>\nEndere\u00e7o: Rua Professora Rosa Saporski, n\u00ba 989 &#8211; Merc\u00eas<br \/>\nCuritiba \/ PR, CEP: 80.810-120<br \/>\nTelefones: (41)3336-0701\/ Fax: (41) 3336-0701<br \/>\nE-mail: gerencia@coreconpr.gov.br; oreconpr@coreconpr.gov.br<br \/>\nRespons\u00e1vel Direto: Amarildo de Souza Santos \/ Gerente Executivo \/ (41)984194768<br \/>\nPresidente: Eduardo Andr\u00e9 Cosentino<br \/>\nVice-Presidente: Celso Machado<br \/>\nSite: <a href=\"http:\/\/www.coreconpr.gov.br\">www.coreconpr.gov.br<\/a><\/p>\n<p><strong>CONSELHO REGIONAL DE ECONOMIA \u2013 7\u00aa REGI\u00c3O \u2013 SC<\/strong><br \/>\nEndere\u00e7o: Rua Trajano, 265 \u2013 12\u00ba andar \u2013 Centro<br \/>\nFlorian\u00f3polis \/ SC, CEP: 88.010-010<br \/>\nTelefones: (48) 3222-1979\/ Fax: (48) 3222-1979<br \/>\nE-mail: gerencia@corecon-sc.org.br<br \/>\nRespons\u00e1vel Direto: Rodrigo Nivaldo Martins \/ Gerente<br \/>\nPresidente: Silvio Jos\u00e9 Martins Filho<br \/>\nVice-Presidente: Bruna Furlanetto<br \/>\nSite: <a href=\"http:\/\/www.corecon-sc.org.br\">www.corecon-sc.org.br<\/a><\/p>\n<p><strong>CONSELHO REGIONAL DE ECONOMIA \u2013 4\u00aa REGI\u00c3O \u2013 RS<\/strong><br \/>\nEndere\u00e7o: Rua Siqueira Campos, 1184 \u2013 Conj 601-606 \/ 6\u00ba andar \u2013 Centro hist\u00f3rico<br \/>\nPorto Alegre \/ RS, CEP: 90.010-001<br \/>\nTelefones: (51) 3254-2600 (geral) \/ (51) 3254-2602 (ger\u00eancia) \/(51) 3254-2608 \/ (51) 3254-2601 (fax)<br \/>\nE-mail: eventos@coreconrs.org.br; cobranca@coreconrs.org.br; coreconrs@coreconrs.org.br<br \/>\nRespons\u00e1vel Direto: Nelza Cl\u00e1udia Oliveira Pacheco \/ Assistente Administrativo \/ (51) 99199-7476 \/ 3254-2608<br \/>\nPresidente: Mario Jaime Gomes de Lima<br \/>\nVice-Presidente: Arist\u00f3teles da Rosa Galv\u00e3o<br \/>\nSite: <a href=\"http:\/\/www.coreconrs.org.br\">www.coreconrs.org.br<\/a><\/p>\n<p><strong>REGI\u00c3O CENTRO-OESTE<\/strong><\/p>\n<p><strong>CONSELHO REGIONAL DE ECONOMIA \u2013 11\u00aa REGI\u00c3O \u2013 DF<\/strong><br \/>\nEndere\u00e7o: Setor Comercial Sul, Quadra 1 Bloco C, sala 301\/306 Edif\u00edcio Ant\u00f4nio Ven\u00e2ncio da Silva<br \/>\nBras\u00edlia \/ DF, CEP: 70.395-900<br \/>\nTelefones: (61) 3226-7487<br \/>\nE-mail: corecondf@corecondf.org.br; daniel.soares@corecondf.org.br<br \/>\nRespons\u00e1vel Direto: Daniel Soares \/ Gerente Executivo \/ (61) 3964-8366<br \/>\nPresidente: Jos\u00e9 Luiz Pagnussat<br \/>\nVice-Presidente: Jucemar Jos\u00e9 Imperatori<br \/>\nSite: <a href=\"http:\/\/www.corecondf.org.br\">www.corecondf.org.br<\/a><\/p>\n<p><strong>CONSELHO REGIONAL DE ECONOMIA \u2013 18\u00aa REGI\u00c3O \u2013 GO<\/strong><br \/>\nEndere\u00e7o: Av. 86, n\u00ba 617 \u2013 Setor Sul<br \/>\nGoi\u00e2nia \/ GO, CEP: 74.083-330<br \/>\nTelefones: (62) 3218-3311\/ (62) 3218-4036\/ (62) 3218-3260<br \/>\nE-mail: gerencia@corecongo.gov.br<br \/>\nRespons\u00e1vel Direto: Maria Paula de Oliveira Badra \/ Secret\u00e1ria Executiva \/ (62) 98410-8140<br \/>\nPresidente: Kerssia Preda Kamenach<br \/>\nVice-Presidente: Marcelo da Rocha Dias de Souza<br \/>\nSite: <a href=\"http:\/\/www.corecon-go.gov.br\">www.corecon-go.gov.br<\/a><\/p>\n<p><strong>CONSELHO REGIONAL DE ECONOMIA \u2013 14\u00aa REGI\u00c3O \u2013 MT<\/strong><br \/>\nEndere\u00e7o: Rua 04 \u2013 Quadra 11 \u2013 Lote 02 \u2013 Centro Pol\u00edtico Administrativo<br \/>\nCuiaba \/ MT, CEP: 78.049-922<br \/>\nTelefones: (65) 3644-1607<br \/>\nE-mail: contato@corecon-mt.org.br; gerencia@corecon-mt.org.br<br \/>\nRespons\u00e1vel Direto: D\u00e2mares Pereira da Silva \/ Gerente Executiva<br \/>\nPresidente: Evaldo da Silva<br \/>\nVice-Presidente: Fernando Tadeu de Miranda Borges<br \/>\nSite: <a href=\"http:\/\/www.corecon-mt.org.br\">www.corecon-mt.org.br<\/a><\/p>\n<p><strong>CONSELHO REGIONAL DE ECONOMIA \u2013 20\u00aa REGI\u00c3O \u2013 MS<\/strong><br \/>\nEndere\u00e7o: Av. Afonso Pena, 2386, sala 1201 &#8211; Centro<br \/>\nCampo Grande \/ MS, CEP: 79.002-074<br \/>\nTelefones: (67) 3356-4796 \/ (67) 3356-7405\/ Fax: (67) 3382-0490<br \/>\nE-mail: coreconms.secretaria@gmail.com; coreconms.fiscalizacao@gmail.com<br \/>\nRespons\u00e1vel Direto: Gleidy Guimar\u00e3es Godinho \/ Gerente Executiva<br \/>\nPresidente: Paulo Salvatore Ponzini<br \/>\nVice-Presidente: S\u00e9rgio da Rocha Bastos<br \/>\nSite: <a href=\"http:\/\/www.coreconms.org.br\">www.coreconms.org.br<\/a><\/p>\n","protected":false},"excerpt":{"rendered":"<p>CONSELHO FEDERAL DE ECONOMIA Setor Comercial Sul Quadra 2, Bloco B, Ed. Pal\u00e1cio do Com\u00e9rcio, 12\u00ba Andar Bras\u00edlia \/ DF, CEP: 70.318-900 Telefones: (61) 3208-1800, (61) 3202-3009 E-mail:atendimentoregionais@cofecon.gov.br Respons\u00e1vel Direto: Aline Tales Ferreira \/ Superintendente em exerc\u00edcio Presidente: Paulo Dantas da Costa Vice-Presidente: Eduardo Rodrigues da Silva Site: www.cofecon.org.br REGI\u00c3O NORTE CONSELHO REGIONAL DE ECONOMIA &hellip; <a href=\"https:\/\/corecon-am50anos.com.br\/transparencia\/sistema-cofeconcorecons\/\" class=\"more-link\">Continue reading <span class=\"screen-reader-text\">Sistema COFECON\/CORECONs<\/span><\/a><\/p>\n","protected":false},"author":1,"featured_media":0,"parent":0,"menu_order":0,"comment_status":"closed","ping_status":"closed","template":"","meta":[],"_links":{"self":[{"href":"https:\/\/corecon-am50anos.com.br\/transparencia\/wp-json\/wp\/v2\/pages\/113"}],"collection":[{"href":"https:\/\/corecon-am50anos.com.br\/transparencia\/wp-json\/wp\/v2\/pages"}],"about":[{"href":"https:\/\/corecon-am50anos.com.br\/transparencia\/wp-json\/wp\/v2\/types\/page"}],"author":[{"embeddable":true,"href":"https:\/\/corecon-am50anos.com.br\/transparencia\/wp-json\/wp\/v2\/users\/1"}],"replies":[{"embeddable":true,"href":"https:\/\/corecon-am50anos.com.br\/transparencia\/wp-json\/wp\/v2\/comments?post=113"}],"version-history":[{"count":14,"href":"https:\/\/corecon-am50anos.com.br\/transparencia\/wp-json\/wp\/v2\/pages\/113\/revisions"}],"predecessor-version":[{"id":1510,"href":"https:\/\/corecon-am50anos.com.br\/transparencia\/wp-json\/wp\/v2\/pages\/113\/revisions\/1510"}],"wp:attachment":[{"href":"https:\/\/corecon-am50anos.com.br\/transparencia\/wp-json\/wp\/v2\/media?parent=113"}],"curies":[{"name":"wp","href":"https:\/\/api.w.org\/{rel}","templated":true}]}}