{"id":115,"date":"2021-10-10T20:02:06","date_gmt":"2021-10-10T23:02:06","guid":{"rendered":"https:\/\/corecon-am50anos.com.br\/transparencia\/?page_id=115"},"modified":"2022-01-13T15:51:53","modified_gmt":"2022-01-13T18:51:53","slug":"servico-de-informacao-ao-cidadao-sic","status":"publish","type":"page","link":"https:\/\/corecon-am50anos.com.br\/transparencia\/servico-de-informacao-ao-cidadao-sic\/","title":{"rendered":"Servi\u00e7o de Informa\u00e7\u00e3o ao Cidad\u00e3o (SIC)"},"content":{"rendered":"<p>Para este servi\u00e7o, por favor consultar o link abaixo:<\/p>\n<p><a href=\"http:\/\/esic.cofecon.org.br\/index\/\">http:\/\/esic.cofecon.org.br\/index\/<\/a><\/p>\n","protected":false},"excerpt":{"rendered":"<p>Para este servi\u00e7o, por favor consultar o link abaixo: http:\/\/esic.cofecon.org.br\/index\/<\/p>\n","protected":false},"author":1,"featured_media":0,"parent":0,"menu_order":0,"comment_status":"closed","ping_status":"closed","template":"","meta":[],"_links":{"self":[{"href":"https:\/\/corecon-am50anos.com.br\/transparencia\/wp-json\/wp\/v2\/pages\/115"}],"collection":[{"href":"https:\/\/corecon-am50anos.com.br\/transparencia\/wp-json\/wp\/v2\/pages"}],"about":[{"href":"https:\/\/corecon-am50anos.com.br\/transparencia\/wp-json\/wp\/v2\/types\/page"}],"author":[{"embeddable":true,"href":"https:\/\/corecon-am50anos.com.br\/transparencia\/wp-json\/wp\/v2\/users\/1"}],"replies":[{"embeddable":true,"href":"https:\/\/corecon-am50anos.com.br\/transparencia\/wp-json\/wp\/v2\/comments?post=115"}],"version-history":[{"count":3,"href":"https:\/\/corecon-am50anos.com.br\/transparencia\/wp-json\/wp\/v2\/pages\/115\/revisions"}],"predecessor-version":[{"id":1139,"href":"https:\/\/corecon-am50anos.com.br\/transparencia\/wp-json\/wp\/v2\/pages\/115\/revisions\/1139"}],"wp:attachment":[{"href":"https:\/\/corecon-am50anos.com.br\/transparencia\/wp-json\/wp\/v2\/media?parent=115"}],"curies":[{"name":"wp","href":"https:\/\/api.w.org\/{rel}","templated":true}]}}