{"id":43,"date":"2021-10-10T19:18:23","date_gmt":"2021-10-10T22:18:23","guid":{"rendered":"https:\/\/corecon-am50anos.com.br\/transparencia\/?page_id=43"},"modified":"2024-01-25T15:55:12","modified_gmt":"2024-01-25T18:55:12","slug":"agenda","status":"publish","type":"page","link":"https:\/\/corecon-am50anos.com.br\/transparencia\/agenda\/","title":{"rendered":"Agenda"},"content":{"rendered":"<p><strong>CALEND\u00c1RIO DE EVENTOS DO CORECON-AM NO ANO DE 2024<\/strong><\/p>\n<p>03.01.2024 &#8211; 1\u00aa SESS\u00c3O PLEN\u00c1RIA EXTRAORDIN\u00c1RIA &#8211; ELEI\u00c7\u00c3O E POSSE DE CONSELHEIROS<\/p>\n<p>12.01.2024 &#8211; 2\u00aa SESS\u00c3O PLEN\u00c1RIA EXTRAORDIN\u00c1RIA &#8211; DEFINI\u00c7\u00c3O DA COMISS\u00d5ES<\/p>\n<p>26.01.2024 &#8211; 1\u00aa SESS\u00c3O PLEN\u00c1RIA ORDIN\u00c1RIA<\/p>\n<p>26.01.2024 &#8211; SOLENIDADE DE POSSE DOS CONSELHEIROS DO TRI\u00caNIO DE 2024-2026 E PRESID\u00caNCIA PARA O ANO DE 2024<\/p>\n<p>23.02.2024 &#8211; 2\u00aa SESS\u00c3O PLEN\u00c1RIA ORDIN\u00c1RIA<\/p>\n<p>29.03.2024 &#8211; 3\u00aa SESS\u00c3O PLEN\u00c1RIA ORDIN\u00c1RIA<\/p>\n<p>26.04.2024 &#8211; 4\u00aa SESS\u00c3O PLEN\u00c1RIA ORDIN\u00c1RIA<\/p>\n<p>24.05.2024 &#8211; 5\u00aa SESS\u00c3O PLEN\u00c1RIA ORDIN\u00c1RIA<\/p>\n<p>28.06.2024 &#8211; 6\u00aa SESS\u00c3O PLEN\u00c1RIA ORDIN\u00c1RIA<\/p>\n<p>26.07.2024 &#8211; 7\u00aa SESS\u00c3O PLEN\u00c1RIA ORDIN\u00c1RIA<\/p>\n<p>30.08.2024 &#8211; 8\u00aa SESS\u00c3O PLEN\u00c1RIA ORDIN\u00c1RIA<\/p>\n<p>27.09.2024 &#8211; 9\u00aa SESS\u00c3O PLEN\u00c1RIA ORDIN\u00c1RIA<\/p>\n<p>31.10.2024 &#8211; 10\u00aa SESS\u00c3O PLEN\u00c1RIA ORDIN\u00c1RIA<\/p>\n<p>29.11.2024 &#8211; 11\u00aa SESS\u00c3O PLEN\u00c1RIA ORDIN\u00c1RIA<\/p>\n<p>27.12.2023 &#8211; 12\u00aa SESS\u00c3O PLEN\u00c1RIA ORDIN\u00c1RIA<\/p>\n","protected":false},"excerpt":{"rendered":"<p>CALEND\u00c1RIO DE EVENTOS DO CORECON-AM NO ANO DE 2024 03.01.2024 &#8211; 1\u00aa SESS\u00c3O PLEN\u00c1RIA EXTRAORDIN\u00c1RIA &#8211; ELEI\u00c7\u00c3O E POSSE DE CONSELHEIROS 12.01.2024 &#8211; 2\u00aa SESS\u00c3O PLEN\u00c1RIA EXTRAORDIN\u00c1RIA &#8211; DEFINI\u00c7\u00c3O DA COMISS\u00d5ES 26.01.2024 &#8211; 1\u00aa SESS\u00c3O PLEN\u00c1RIA ORDIN\u00c1RIA 26.01.2024 &#8211; SOLENIDADE DE POSSE DOS CONSELHEIROS DO TRI\u00caNIO DE 2024-2026 E PRESID\u00caNCIA PARA O ANO DE 2024 &hellip; <a href=\"https:\/\/corecon-am50anos.com.br\/transparencia\/agenda\/\" class=\"more-link\">Continue reading <span class=\"screen-reader-text\">Agenda<\/span><\/a><\/p>\n","protected":false},"author":1,"featured_media":0,"parent":0,"menu_order":0,"comment_status":"closed","ping_status":"closed","template":"","meta":[],"_links":{"self":[{"href":"https:\/\/corecon-am50anos.com.br\/transparencia\/wp-json\/wp\/v2\/pages\/43"}],"collection":[{"href":"https:\/\/corecon-am50anos.com.br\/transparencia\/wp-json\/wp\/v2\/pages"}],"about":[{"href":"https:\/\/corecon-am50anos.com.br\/transparencia\/wp-json\/wp\/v2\/types\/page"}],"author":[{"embeddable":true,"href":"https:\/\/corecon-am50anos.com.br\/transparencia\/wp-json\/wp\/v2\/users\/1"}],"replies":[{"embeddable":true,"href":"https:\/\/corecon-am50anos.com.br\/transparencia\/wp-json\/wp\/v2\/comments?post=43"}],"version-history":[{"count":13,"href":"https:\/\/corecon-am50anos.com.br\/transparencia\/wp-json\/wp\/v2\/pages\/43\/revisions"}],"predecessor-version":[{"id":1758,"href":"https:\/\/corecon-am50anos.com.br\/transparencia\/wp-json\/wp\/v2\/pages\/43\/revisions\/1758"}],"wp:attachment":[{"href":"https:\/\/corecon-am50anos.com.br\/transparencia\/wp-json\/wp\/v2\/media?parent=43"}],"curies":[{"name":"wp","href":"https:\/\/api.w.org\/{rel}","templated":true}]}}