{"id":51,"date":"2021-10-10T19:22:04","date_gmt":"2021-10-10T22:22:04","guid":{"rendered":"https:\/\/corecon-am50anos.com.br\/transparencia\/?page_id=51"},"modified":"2023-02-15T12:50:51","modified_gmt":"2023-02-15T15:50:51","slug":"concursos","status":"publish","type":"page","link":"https:\/\/corecon-am50anos.com.br\/transparencia\/concursos\/","title":{"rendered":"Concursos"},"content":{"rendered":"<p><strong>2023<\/strong><\/p>\n<p>XVI PR\u00caMIO AMAZONAS DE MONOGRAFIA<\/p>\n<p><a href=\"https:\/\/corecon-am50anos.com.br\/transparencia\/wp-content\/uploads\/2023\/02\/Ficha-de-Inscri\u00e7\u00e3o-ao-XVI-Pr\u00eamio-Amazonas-de-Monografia.pdf\"><\/a><a href=\"https:\/\/corecon-am50anos.com.br\/transparencia\/wp-content\/uploads\/2023\/02\/Edital-n\u00ba-001-2023-Regulamento-do-XVI-Pr\u00eamio-Amazonas-de-Monografia-1.pdf\">Edital n\u00ba 001-2023 &#8211; Regulamento do XVI Pr\u00eamio Amazonas de Monografia<\/a><\/p>\n<p><a href=\"https:\/\/corecon-am50anos.com.br\/transparencia\/wp-content\/uploads\/2023\/02\/Ficha-de-Inscri\u00e7\u00e3o-ao-XVI-Pr\u00eamio-Amazonas-de-Monografia-1.pdf\">Ficha de Inscri\u00e7\u00e3o ao XVI Pr\u00eamio Amazonas de Monografia<\/a><\/p>\n","protected":false},"excerpt":{"rendered":"<p>2023 XVI PR\u00caMIO AMAZONAS DE MONOGRAFIA Edital n\u00ba 001-2023 &#8211; Regulamento do XVI Pr\u00eamio Amazonas de Monografia Ficha de Inscri\u00e7\u00e3o ao XVI Pr\u00eamio Amazonas de Monografia<\/p>\n","protected":false},"author":1,"featured_media":0,"parent":0,"menu_order":0,"comment_status":"closed","ping_status":"closed","template":"","meta":[],"_links":{"self":[{"href":"https:\/\/corecon-am50anos.com.br\/transparencia\/wp-json\/wp\/v2\/pages\/51"}],"collection":[{"href":"https:\/\/corecon-am50anos.com.br\/transparencia\/wp-json\/wp\/v2\/pages"}],"about":[{"href":"https:\/\/corecon-am50anos.com.br\/transparencia\/wp-json\/wp\/v2\/types\/page"}],"author":[{"embeddable":true,"href":"https:\/\/corecon-am50anos.com.br\/transparencia\/wp-json\/wp\/v2\/users\/1"}],"replies":[{"embeddable":true,"href":"https:\/\/corecon-am50anos.com.br\/transparencia\/wp-json\/wp\/v2\/comments?post=51"}],"version-history":[{"count":5,"href":"https:\/\/corecon-am50anos.com.br\/transparencia\/wp-json\/wp\/v2\/pages\/51\/revisions"}],"predecessor-version":[{"id":1527,"href":"https:\/\/corecon-am50anos.com.br\/transparencia\/wp-json\/wp\/v2\/pages\/51\/revisions\/1527"}],"wp:attachment":[{"href":"https:\/\/corecon-am50anos.com.br\/transparencia\/wp-json\/wp\/v2\/media?parent=51"}],"curies":[{"name":"wp","href":"https:\/\/api.w.org\/{rel}","templated":true}]}}