{"id":57,"date":"2021-10-10T19:23:14","date_gmt":"2021-10-10T22:23:14","guid":{"rendered":"https:\/\/corecon-am50anos.com.br\/transparencia\/?page_id=57"},"modified":"2023-03-07T09:12:15","modified_gmt":"2023-03-07T12:12:15","slug":"empenhos-e-pagamentos","status":"publish","type":"page","link":"https:\/\/corecon-am50anos.com.br\/transparencia\/empenhos-e-pagamentos\/","title":{"rendered":"Empenhos e Pagamentos"},"content":{"rendered":"<p><strong>2022<\/strong><\/p>\n<p><a href=\"https:\/\/corecon-am50anos.com.br\/transparencia\/wp-content\/uploads\/2023\/03\/Relat\u00f3rio-de-Empenhos-e-Pagamentos-2022.pdf\">Relat\u00f3rio de Empenhos e Pagamentos 2022<\/a><\/p>\n<p><strong>2021<\/strong><\/p>\n<p><a href=\"https:\/\/corecon-am50anos.com.br\/transparencia\/wp-content\/uploads\/2022\/07\/Relat\u00f3rio-Notas-de-Empenhos-2021.pdf\">Relat\u00f3rio Notas de Empenhos 2021<\/a><\/p>\n<p><strong>2020<\/strong><\/p>\n<p><a href=\"https:\/\/corecon-am50anos.com.br\/transparencia\/wp-content\/uploads\/2022\/01\/Relat\u00f3rio-de-Pagamentos-2020.pdf\">Relat\u00f3rio de Pagamentos &#8211; 2020<\/a><\/p>\n<p><strong>2019<\/strong><\/p>\n<p><a href=\"https:\/\/corecon-am50anos.com.br\/transparencia\/wp-content\/uploads\/2022\/01\/Relat\u00f3rio-de-Pagamentos-2019.pdf\">Relat\u00f3rio de Pagamentos &#8211; 2019<\/a><\/p>\n<p><strong>2018<\/strong><\/p>\n<p><a href=\"https:\/\/corecon-am50anos.com.br\/transparencia\/wp-content\/uploads\/2022\/01\/Relat\u00f3rio-de-Pagamentos-2018.pdf\">Relat\u00f3rio de Pagamentos &#8211; 2018<\/a><\/p>\n<p><strong>2017<\/strong><\/p>\n<p><a href=\"https:\/\/corecon-am50anos.com.br\/transparencia\/wp-content\/uploads\/2022\/01\/Relat\u00f3rio-de-Pagamentos-2017.pdf\">Relat\u00f3rio de Pagamentos &#8211; 2017<\/a><\/p>\n<p><strong>2016<\/strong><\/p>\n<p><a href=\"https:\/\/corecon-am50anos.com.br\/transparencia\/wp-content\/uploads\/2022\/01\/Relat\u00f3rio-de-Pagamentos-2016-1.pdf\">Relat\u00f3rio de Pagamentos &#8211; 2016<\/a><\/p>\n<p><strong>2015<\/strong><\/p>\n<p><a href=\"https:\/\/corecon-am50anos.com.br\/transparencia\/wp-content\/uploads\/2022\/01\/Relat\u00f3rio-de-Pagamentos-2015-1.pdf\">Relat\u00f3rio de Pagamentos &#8211; 2015<\/a><\/p>\n","protected":false},"excerpt":{"rendered":"<p>2022 Relat\u00f3rio de Empenhos e Pagamentos 2022 2021 Relat\u00f3rio Notas de Empenhos 2021 2020 Relat\u00f3rio de Pagamentos &#8211; 2020 2019 Relat\u00f3rio de Pagamentos &#8211; 2019 2018 Relat\u00f3rio de Pagamentos &#8211; 2018 2017 Relat\u00f3rio de Pagamentos &#8211; 2017 2016 Relat\u00f3rio de Pagamentos &#8211; 2016 2015 Relat\u00f3rio de Pagamentos &#8211; 2015<\/p>\n","protected":false},"author":1,"featured_media":0,"parent":0,"menu_order":0,"comment_status":"closed","ping_status":"closed","template":"","meta":[],"_links":{"self":[{"href":"https:\/\/corecon-am50anos.com.br\/transparencia\/wp-json\/wp\/v2\/pages\/57"}],"collection":[{"href":"https:\/\/corecon-am50anos.com.br\/transparencia\/wp-json\/wp\/v2\/pages"}],"about":[{"href":"https:\/\/corecon-am50anos.com.br\/transparencia\/wp-json\/wp\/v2\/types\/page"}],"author":[{"embeddable":true,"href":"https:\/\/corecon-am50anos.com.br\/transparencia\/wp-json\/wp\/v2\/users\/1"}],"replies":[{"embeddable":true,"href":"https:\/\/corecon-am50anos.com.br\/transparencia\/wp-json\/wp\/v2\/comments?post=57"}],"version-history":[{"count":8,"href":"https:\/\/corecon-am50anos.com.br\/transparencia\/wp-json\/wp\/v2\/pages\/57\/revisions"}],"predecessor-version":[{"id":1566,"href":"https:\/\/corecon-am50anos.com.br\/transparencia\/wp-json\/wp\/v2\/pages\/57\/revisions\/1566"}],"wp:attachment":[{"href":"https:\/\/corecon-am50anos.com.br\/transparencia\/wp-json\/wp\/v2\/media?parent=57"}],"curies":[{"name":"wp","href":"https:\/\/api.w.org\/{rel}","templated":true}]}}