{"id":59,"date":"2021-10-10T19:23:29","date_gmt":"2021-10-10T22:23:29","guid":{"rendered":"https:\/\/corecon-am50anos.com.br\/transparencia\/?page_id=59"},"modified":"2023-03-06T15:37:56","modified_gmt":"2023-03-06T18:37:56","slug":"relacao-de-bens","status":"publish","type":"page","link":"https:\/\/corecon-am50anos.com.br\/transparencia\/relacao-de-bens\/","title":{"rendered":"Rela\u00e7\u00e3o de Bens"},"content":{"rendered":"<p><strong>2022<\/strong><\/p>\n<p><a href=\"https:\/\/corecon-am50anos.com.br\/transparencia\/wp-content\/uploads\/2023\/03\/Invent\u00e1rio-2022.pdf\">Invent\u00e1rio &#8211; 2022<\/a><\/p>\n<p><strong>2021<\/strong><\/p>\n<p><a href=\"https:\/\/corecon-am50anos.com.br\/transparencia\/wp-content\/uploads\/2022\/05\/Invent\u00e1rio-2021.pdf\">Invent\u00e1rio &#8211; 2021<\/a><\/p>\n<p><strong>2020<\/strong><\/p>\n<p><a href=\"https:\/\/corecon-am50anos.com.br\/transparencia\/wp-content\/uploads\/2022\/01\/Invent\u00e1rio-2020.pdf\">Invent\u00e1rio &#8211; 2020<\/a><\/p>\n<p><strong>2019<\/strong><\/p>\n<p><a href=\"https:\/\/corecon-am50anos.com.br\/transparencia\/wp-content\/uploads\/2022\/01\/Invent\u00e1rio-2019.pdf\">Invent\u00e1rio &#8211; 2019<\/a><\/p>\n<p><strong>2018<\/strong><\/p>\n<p><a href=\"https:\/\/corecon-am50anos.com.br\/transparencia\/wp-content\/uploads\/2022\/01\/Invent\u00e1rio-2018.pdf\">Invent\u00e1rio &#8211; 2018<\/a><\/p>\n<p><strong>2017<\/strong><\/p>\n<p><a href=\"https:\/\/corecon-am50anos.com.br\/transparencia\/wp-content\/uploads\/2022\/01\/Invent\u00e1rio-2017.pdf\">Invent\u00e1rio &#8211; 2017<\/a><\/p>\n<p><strong>2016<\/strong><\/p>\n<p><a href=\"https:\/\/corecon-am50anos.com.br\/transparencia\/wp-content\/uploads\/2022\/01\/Inventario-2016.pdf\">Inventario &#8211; 2016<\/a><\/p>\n<p><strong>2015<\/strong><\/p>\n<p><a href=\"https:\/\/corecon-am50anos.com.br\/transparencia\/wp-content\/uploads\/2022\/01\/Invent\u00e1rio-2015.pdf\">Invent\u00e1rio &#8211; 2015<\/a><\/p>\n<p>&nbsp;<\/p>\n","protected":false},"excerpt":{"rendered":"<p>2022 Invent\u00e1rio &#8211; 2022 2021 Invent\u00e1rio &#8211; 2021 2020 Invent\u00e1rio &#8211; 2020 2019 Invent\u00e1rio &#8211; 2019 2018 Invent\u00e1rio &#8211; 2018 2017 Invent\u00e1rio &#8211; 2017 2016 Inventario &#8211; 2016 2015 Invent\u00e1rio &#8211; 2015 &nbsp;<\/p>\n","protected":false},"author":1,"featured_media":0,"parent":0,"menu_order":0,"comment_status":"closed","ping_status":"closed","template":"","meta":[],"_links":{"self":[{"href":"https:\/\/corecon-am50anos.com.br\/transparencia\/wp-json\/wp\/v2\/pages\/59"}],"collection":[{"href":"https:\/\/corecon-am50anos.com.br\/transparencia\/wp-json\/wp\/v2\/pages"}],"about":[{"href":"https:\/\/corecon-am50anos.com.br\/transparencia\/wp-json\/wp\/v2\/types\/page"}],"author":[{"embeddable":true,"href":"https:\/\/corecon-am50anos.com.br\/transparencia\/wp-json\/wp\/v2\/users\/1"}],"replies":[{"embeddable":true,"href":"https:\/\/corecon-am50anos.com.br\/transparencia\/wp-json\/wp\/v2\/comments?post=59"}],"version-history":[{"count":7,"href":"https:\/\/corecon-am50anos.com.br\/transparencia\/wp-json\/wp\/v2\/pages\/59\/revisions"}],"predecessor-version":[{"id":1556,"href":"https:\/\/corecon-am50anos.com.br\/transparencia\/wp-json\/wp\/v2\/pages\/59\/revisions\/1556"}],"wp:attachment":[{"href":"https:\/\/corecon-am50anos.com.br\/transparencia\/wp-json\/wp\/v2\/media?parent=59"}],"curies":[{"name":"wp","href":"https:\/\/api.w.org\/{rel}","templated":true}]}}