{"id":61,"date":"2021-10-10T19:23:45","date_gmt":"2021-10-10T22:23:45","guid":{"rendered":"https:\/\/corecon-am50anos.com.br\/transparencia\/?page_id=61"},"modified":"2023-11-06T12:18:51","modified_gmt":"2023-11-06T14:18:51","slug":"passagens-e-diarias","status":"publish","type":"page","link":"https:\/\/corecon-am50anos.com.br\/transparencia\/passagens-e-diarias\/","title":{"rendered":"Passagens e Di\u00e1rias"},"content":{"rendered":"<p>N\u00e3o houveram gastos com passagens e di\u00e1rias at\u00e9 o m\u00eas de outubro de 2023.<\/p>\n","protected":false},"excerpt":{"rendered":"<p>N\u00e3o houveram gastos com passagens e di\u00e1rias at\u00e9 o m\u00eas de outubro de 2023.<\/p>\n","protected":false},"author":1,"featured_media":0,"parent":0,"menu_order":0,"comment_status":"closed","ping_status":"closed","template":"","meta":[],"_links":{"self":[{"href":"https:\/\/corecon-am50anos.com.br\/transparencia\/wp-json\/wp\/v2\/pages\/61"}],"collection":[{"href":"https:\/\/corecon-am50anos.com.br\/transparencia\/wp-json\/wp\/v2\/pages"}],"about":[{"href":"https:\/\/corecon-am50anos.com.br\/transparencia\/wp-json\/wp\/v2\/types\/page"}],"author":[{"embeddable":true,"href":"https:\/\/corecon-am50anos.com.br\/transparencia\/wp-json\/wp\/v2\/users\/1"}],"replies":[{"embeddable":true,"href":"https:\/\/corecon-am50anos.com.br\/transparencia\/wp-json\/wp\/v2\/comments?post=61"}],"version-history":[{"count":5,"href":"https:\/\/corecon-am50anos.com.br\/transparencia\/wp-json\/wp\/v2\/pages\/61\/revisions"}],"predecessor-version":[{"id":1693,"href":"https:\/\/corecon-am50anos.com.br\/transparencia\/wp-json\/wp\/v2\/pages\/61\/revisions\/1693"}],"wp:attachment":[{"href":"https:\/\/corecon-am50anos.com.br\/transparencia\/wp-json\/wp\/v2\/media?parent=61"}],"curies":[{"name":"wp","href":"https:\/\/api.w.org\/{rel}","templated":true}]}}