{"id":88,"date":"2021-10-10T19:59:28","date_gmt":"2021-10-10T22:59:28","guid":{"rendered":"https:\/\/corecon-am50anos.com.br\/transparencia\/?page_id=88"},"modified":"2024-01-24T16:26:08","modified_gmt":"2024-01-24T19:26:08","slug":"composicao-do-conselho","status":"publish","type":"page","link":"https:\/\/corecon-am50anos.com.br\/transparencia\/composicao-do-conselho\/","title":{"rendered":"Composi\u00e7\u00e3o do Conselho"},"content":{"rendered":"<p><strong>Presidente do exerc\u00edcio de 2024<\/strong><\/p>\n<p>M\u00c1RCIO PAIX\u00c3O RIBEIRO<\/p>\n<p><strong>Vice-Presidente do exerc\u00edcio de 2024<\/strong><\/p>\n<p>JOS\u00c9 ALTAMIR BARROSO CORDEIRO<\/p>\n<p><strong>1\u00ba TER\u00c7O (2024-2025-2026)<\/strong><br \/>\n<strong>Conselheiros Efetivos<\/strong><br \/>\nJADE DESIR\u00c9E RODRIGUES DO NASCIMENTO<\/p>\n<p>JOS\u00c9 RICARDO WENDLING<\/p>\n<p>INALDO SEIXAS CRUZ<\/p>\n<p><strong>Conselheiros Suplentes<\/strong><br \/>\nMARCELA VIEIRA GON\u00c7ALVES<\/p>\n<p>ELENIZE FREITAS AVELINO<\/p>\n<p>ANA MARIA OLIVEIRA DE SOUZA<\/p>\n<p><strong>2\u00ba TER\u00c7O (2023-2024-2025)<\/strong><br \/>\n<strong>Conselheiros Efetivos<\/strong><br \/>\nMAX FORTUNATO COHEN<br \/>\nKARLA KAROLINE LIRA MARTINS<br \/>\nERIVALDO LOPES DO VALE<\/p>\n<p><strong>Conselheiros Suplentes<\/strong><br \/>\nCARMELITA SIQUEIRA DOS REIS<br \/>\nROG\u00c9RIO SILVA DOS ANJOS<br \/>\nALDEMIR DE CARVALHO CAETANO J\u00daNIOR<\/p>\n<p><strong>3\u00ba TER\u00c7O (2022-2023-2024)<\/strong><br \/>\n<strong>Conselheiros Efetivos<\/strong><br \/>\nJOS\u00c9 ALTAMIR BARROSO CORDEIRO<br \/>\nJUDAH TORRES LIMA<br \/>\nM\u00c1RCIO PAIX\u00c3O RIBEIRO<\/p>\n<p><strong>Conselheiros Suplentes<\/strong><br \/>\nDENISE KASSAMA FRANCO DO AMARAL<br \/>\nIVAN ARA\u00daJO SALMITO<\/p>\n<p><strong>Delegado Eleitor-Efetivo<\/strong><br \/>\nINALDO SEIXAS CRUZ<\/p>\n","protected":false},"excerpt":{"rendered":"<p>Presidente do exerc\u00edcio de 2024 M\u00c1RCIO PAIX\u00c3O RIBEIRO Vice-Presidente do exerc\u00edcio de 2024 JOS\u00c9 ALTAMIR BARROSO CORDEIRO 1\u00ba TER\u00c7O (2024-2025-2026) Conselheiros Efetivos JADE DESIR\u00c9E RODRIGUES DO NASCIMENTO JOS\u00c9 RICARDO WENDLING INALDO SEIXAS CRUZ Conselheiros Suplentes MARCELA VIEIRA GON\u00c7ALVES ELENIZE FREITAS AVELINO ANA MARIA OLIVEIRA DE SOUZA 2\u00ba TER\u00c7O (2023-2024-2025) Conselheiros Efetivos MAX FORTUNATO COHEN KARLA &hellip; <a href=\"https:\/\/corecon-am50anos.com.br\/transparencia\/composicao-do-conselho\/\" class=\"more-link\">Continue reading <span class=\"screen-reader-text\">Composi\u00e7\u00e3o do Conselho<\/span><\/a><\/p>\n","protected":false},"author":1,"featured_media":0,"parent":0,"menu_order":0,"comment_status":"closed","ping_status":"closed","template":"","meta":[],"_links":{"self":[{"href":"https:\/\/corecon-am50anos.com.br\/transparencia\/wp-json\/wp\/v2\/pages\/88"}],"collection":[{"href":"https:\/\/corecon-am50anos.com.br\/transparencia\/wp-json\/wp\/v2\/pages"}],"about":[{"href":"https:\/\/corecon-am50anos.com.br\/transparencia\/wp-json\/wp\/v2\/types\/page"}],"author":[{"embeddable":true,"href":"https:\/\/corecon-am50anos.com.br\/transparencia\/wp-json\/wp\/v2\/users\/1"}],"replies":[{"embeddable":true,"href":"https:\/\/corecon-am50anos.com.br\/transparencia\/wp-json\/wp\/v2\/comments?post=88"}],"version-history":[{"count":13,"href":"https:\/\/corecon-am50anos.com.br\/transparencia\/wp-json\/wp\/v2\/pages\/88\/revisions"}],"predecessor-version":[{"id":1755,"href":"https:\/\/corecon-am50anos.com.br\/transparencia\/wp-json\/wp\/v2\/pages\/88\/revisions\/1755"}],"wp:attachment":[{"href":"https:\/\/corecon-am50anos.com.br\/transparencia\/wp-json\/wp\/v2\/media?parent=88"}],"curies":[{"name":"wp","href":"https:\/\/api.w.org\/{rel}","templated":true}]}}