{"id":89,"date":"2021-10-10T19:59:54","date_gmt":"2021-10-10T22:59:54","guid":{"rendered":"https:\/\/corecon-am50anos.com.br\/transparencia\/?page_id=89"},"modified":"2024-01-15T11:04:44","modified_gmt":"2024-01-15T14:04:44","slug":"comissoes-e-grupos-de-trabalho","status":"publish","type":"page","link":"https:\/\/corecon-am50anos.com.br\/transparencia\/comissoes-e-grupos-de-trabalho\/","title":{"rendered":"Comiss\u00f5es do CORECON-AM"},"content":{"rendered":"<p><strong>COMISS\u00c3O DE TOMADA DE CONTAS<\/strong><\/p>\n<p>JUDAH TORRES LIMA &#8211; PRESIDENTE<\/p>\n<p>ERIVALDO LOPES DO VALE<\/p>\n<p>MAX FORTUNATO COHEN<\/p>\n<p><strong>COMISS\u00c3O DE FISCALIZA\u00c7\u00c3O<\/strong><\/p>\n<p>MAX FORTUNATO COHEN &#8211; PRESIDENTE<\/p>\n<p>JUDAH TORRES LIMA<\/p>\n<p>JADE DESIR\u00c9E RODRIGUES DO NASCIMENTO<\/p>\n<p>IVAN ARA\u00daJO SALMITO<\/p>\n<p>JOS\u00c9 ALTAMIR BARROSO CORDEIRO<\/p>\n<p><strong>COMISS\u00c3O DE VALORIZA\u00c7\u00c3O PROFISSIONAL<\/strong><\/p>\n<p>JOS\u00c9 ALTAMIR BARROSO CORDEIRO &#8211; PRESIDENTE<\/p>\n<p>DENISE KASSAMA FRANCO DO AMARAL<\/p>\n<p>JOS\u00c9 RICARDO WENDLING<\/p>\n<p>ANA MARIA OLIVEIRA DE SOUZA<\/p>\n<p>INALDO SEIXAS CRUZ<\/p>\n<p><strong>COMISS\u00c3O CLUBE DE VANTAGENS<\/strong><\/p>\n<p>JADE DESIR\u00c9E RODRIGUES DO NASCIMENTO &#8211; PRESIDENTE<\/p>\n<p>JOS\u00c9 ALTAMIR BARROSO CORDEIR<\/p>\n<p>ROG\u00c9RIO SILVA DOS ANJOS<\/p>\n<p>KARLA KAROLINE LIRA MARTINS<\/p>\n<p>ERIVALDO LOPES DO VALE<\/p>\n<p><strong>COMISS\u00c3O MULHER ECONOMISTA, DIVERSIDADE E SUSTENTABILIDADE<\/strong><\/p>\n<p>KARLA KAROLINE LIRA MARTINS &#8211; PRESIDENTE<\/p>\n<p>JADE DESIR\u00c9E RODRIGUES DO NASCIMENTO<\/p>\n<p>ELENIZE FREITAS AVELINO<\/p>\n<p>MARCELA VIEIRA GON\u00c7ALVES<\/p>\n<p>ANA MARIA OLIVEIRA DE SOUZA<\/p>\n<p>DENISE KASSAMA FRANCO DO AMARAL<\/p>\n<p>INALDO SEIXAS CRUZ<\/p>\n<p><strong>COMISS\u00c3O EDUCA\u00c7\u00c3O, TECNOLOGIA E INOVA\u00c7\u00c3O<\/strong><\/p>\n<p>ELENIZE FREITAS AVELINO &#8211; PRESIDENTE<\/p>\n<p>JADE DESIR\u00c9E RODRIGUES DO NASCIMENTO<\/p>\n<p>ERIVALDO LOPES DO VALE<\/p>\n<p>MARCELA VIEIRA GON\u00c7ALVES<\/p>\n<p>DENISE KASSAMA FRANCO DO AMARAL<\/p>\n<p><strong>COMISS\u00c3O NOVA SEDE<\/strong><\/p>\n<p>M\u00c1RCIO PAIX\u00c3O RIBEIRO &#8211; PRESIDENTE<\/p>\n<p>JOS\u00c9 RICARDO WENDLING<\/p>\n<p>KARLA KAROLINE LIRA MARTINS<\/p>\n<p>MAX FORTUNATO COHEN<\/p>\n<p>ANA MARIA OLIVEIRA DE SOUZA<\/p>\n<p>ERIVALDO LOPES DO VALE<\/p>\n","protected":false},"excerpt":{"rendered":"<p>COMISS\u00c3O DE TOMADA DE CONTAS JUDAH TORRES LIMA &#8211; PRESIDENTE ERIVALDO LOPES DO VALE MAX FORTUNATO COHEN COMISS\u00c3O DE FISCALIZA\u00c7\u00c3O MAX FORTUNATO COHEN &#8211; PRESIDENTE JUDAH TORRES LIMA JADE DESIR\u00c9E RODRIGUES DO NASCIMENTO IVAN ARA\u00daJO SALMITO JOS\u00c9 ALTAMIR BARROSO CORDEIRO COMISS\u00c3O DE VALORIZA\u00c7\u00c3O PROFISSIONAL JOS\u00c9 ALTAMIR BARROSO CORDEIRO &#8211; PRESIDENTE DENISE KASSAMA FRANCO DO AMARAL &hellip; <a href=\"https:\/\/corecon-am50anos.com.br\/transparencia\/comissoes-e-grupos-de-trabalho\/\" class=\"more-link\">Continue reading <span class=\"screen-reader-text\">Comiss\u00f5es do CORECON-AM<\/span><\/a><\/p>\n","protected":false},"author":1,"featured_media":0,"parent":0,"menu_order":0,"comment_status":"closed","ping_status":"closed","template":"","meta":[],"_links":{"self":[{"href":"https:\/\/corecon-am50anos.com.br\/transparencia\/wp-json\/wp\/v2\/pages\/89"}],"collection":[{"href":"https:\/\/corecon-am50anos.com.br\/transparencia\/wp-json\/wp\/v2\/pages"}],"about":[{"href":"https:\/\/corecon-am50anos.com.br\/transparencia\/wp-json\/wp\/v2\/types\/page"}],"author":[{"embeddable":true,"href":"https:\/\/corecon-am50anos.com.br\/transparencia\/wp-json\/wp\/v2\/users\/1"}],"replies":[{"embeddable":true,"href":"https:\/\/corecon-am50anos.com.br\/transparencia\/wp-json\/wp\/v2\/comments?post=89"}],"version-history":[{"count":15,"href":"https:\/\/corecon-am50anos.com.br\/transparencia\/wp-json\/wp\/v2\/pages\/89\/revisions"}],"predecessor-version":[{"id":1748,"href":"https:\/\/corecon-am50anos.com.br\/transparencia\/wp-json\/wp\/v2\/pages\/89\/revisions\/1748"}],"wp:attachment":[{"href":"https:\/\/corecon-am50anos.com.br\/transparencia\/wp-json\/wp\/v2\/media?parent=89"}],"curies":[{"name":"wp","href":"https:\/\/api.w.org\/{rel}","templated":true}]}}