{"id":90,"date":"2021-10-10T20:00:00","date_gmt":"2021-10-10T23:00:00","guid":{"rendered":"https:\/\/corecon-am50anos.com.br\/transparencia\/?page_id=90"},"modified":"2021-10-21T12:33:45","modified_gmt":"2021-10-21T15:33:45","slug":"credo-organizacional","status":"publish","type":"page","link":"https:\/\/corecon-am50anos.com.br\/transparencia\/credo-organizacional\/","title":{"rendered":"Credo Organizacional"},"content":{"rendered":"<p><strong>VIS\u00c3O<\/strong><br \/>\nSermos vistos pela sociedade como o elo fortalecedor, din\u00e2mico, integrante e capacitante dos economistas-associados e as demandas socioecon\u00f4micas da economia regional, das institui\u00e7\u00f5es Governamentais e n\u00e3o-Governamentais, para renova\u00e7\u00e3o e atualiza\u00e7\u00e3o profissional junto \u00e0s universidades, propondo, assim, alternativas inovadoras, para que a classe dos economistas possa atingir a sua miss\u00e3o: \u201cGerar riquezas, Combater a Pobreza, Aumentar e Preservar Patrim\u00f4nios em Todas as Suas Formas.\u201d<\/p>\n<p><strong>MISS\u00c3O<\/strong><br \/>\nEm sintonia com a nossa vis\u00e3o e a miss\u00e3o do economista: \u201cGerar riquezas, combater a pobreza, aumentar e preservar patrim\u00f4nios em todas as suas formas\u201d, o CORECON-AM desenvolve estrat\u00e9gias de agregar maior compet\u00eancia profissional, atrav\u00e9s de a\u00e7\u00f5es e atividades de valoriza\u00e7\u00e3o e atualiza\u00e7\u00e3o do capital intelectual e da cont\u00ednua atualiza\u00e7\u00e3o curricular da categoria junto \u00e0s institui\u00e7\u00f5es de Ensino, buscando atender \u00e0s demandas do mercado e garantir resultados para todos os envolvidos, de modo a tornar sustent\u00e1vel e constantemente renovado em sua maneira de atuar.<\/p>\n<p><strong>VALORES<\/strong><br \/>\nPara alcan\u00e7armos nossa vis\u00e3o e miss\u00e3o, n\u00f3s elegemos 7 valores, com os quais concentramos esfor\u00e7os em realizar nossas atividades, visando  imprimir uma cultura que gera resultados para todos os envolvidos:<br \/>\n1.Transpar\u00eancia<br \/>\n2.Integridade<br \/>\n3.Valoriza\u00e7\u00e3o das Diferen\u00e7as<br \/>\n4.Coopera\u00e7\u00e3o: Trabalho em Equipe<br \/>\n5.Cultura de Excel\u00eancia<br \/>\n6.Cultura de Resultados<br \/>\n7.Responsabilidade Social e Ambiental<\/p>\n","protected":false},"excerpt":{"rendered":"<p>VIS\u00c3O Sermos vistos pela sociedade como o elo fortalecedor, din\u00e2mico, integrante e capacitante dos economistas-associados e as demandas socioecon\u00f4micas da economia regional, das institui\u00e7\u00f5es Governamentais e n\u00e3o-Governamentais, para renova\u00e7\u00e3o e atualiza\u00e7\u00e3o profissional junto \u00e0s universidades, propondo, assim, alternativas inovadoras, para que a classe dos economistas possa atingir a sua miss\u00e3o: \u201cGerar riquezas, Combater a Pobreza, &hellip; <a href=\"https:\/\/corecon-am50anos.com.br\/transparencia\/credo-organizacional\/\" class=\"more-link\">Continue reading <span class=\"screen-reader-text\">Credo Organizacional<\/span><\/a><\/p>\n","protected":false},"author":1,"featured_media":0,"parent":0,"menu_order":0,"comment_status":"closed","ping_status":"closed","template":"","meta":[],"_links":{"self":[{"href":"https:\/\/corecon-am50anos.com.br\/transparencia\/wp-json\/wp\/v2\/pages\/90"}],"collection":[{"href":"https:\/\/corecon-am50anos.com.br\/transparencia\/wp-json\/wp\/v2\/pages"}],"about":[{"href":"https:\/\/corecon-am50anos.com.br\/transparencia\/wp-json\/wp\/v2\/types\/page"}],"author":[{"embeddable":true,"href":"https:\/\/corecon-am50anos.com.br\/transparencia\/wp-json\/wp\/v2\/users\/1"}],"replies":[{"embeddable":true,"href":"https:\/\/corecon-am50anos.com.br\/transparencia\/wp-json\/wp\/v2\/comments?post=90"}],"version-history":[{"count":3,"href":"https:\/\/corecon-am50anos.com.br\/transparencia\/wp-json\/wp\/v2\/pages\/90\/revisions"}],"predecessor-version":[{"id":550,"href":"https:\/\/corecon-am50anos.com.br\/transparencia\/wp-json\/wp\/v2\/pages\/90\/revisions\/550"}],"wp:attachment":[{"href":"https:\/\/corecon-am50anos.com.br\/transparencia\/wp-json\/wp\/v2\/media?parent=90"}],"curies":[{"name":"wp","href":"https:\/\/api.w.org\/{rel}","templated":true}]}}