{"id":93,"date":"2021-10-10T20:00:16","date_gmt":"2021-10-10T23:00:16","guid":{"rendered":"https:\/\/corecon-am50anos.com.br\/transparencia\/?page_id=93"},"modified":"2022-07-26T10:50:28","modified_gmt":"2022-07-26T13:50:28","slug":"programa-de-trabalho","status":"publish","type":"page","link":"https:\/\/corecon-am50anos.com.br\/transparencia\/programa-de-trabalho\/","title":{"rendered":"Programa de Trabalho"},"content":{"rendered":"<p>N\u00e3o h\u00e1 Programa de Trabalho dispon\u00edvel.<\/p>\n","protected":false},"excerpt":{"rendered":"<p>N\u00e3o h\u00e1 Programa de Trabalho dispon\u00edvel.<\/p>\n","protected":false},"author":1,"featured_media":0,"parent":0,"menu_order":0,"comment_status":"closed","ping_status":"closed","template":"","meta":[],"_links":{"self":[{"href":"https:\/\/corecon-am50anos.com.br\/transparencia\/wp-json\/wp\/v2\/pages\/93"}],"collection":[{"href":"https:\/\/corecon-am50anos.com.br\/transparencia\/wp-json\/wp\/v2\/pages"}],"about":[{"href":"https:\/\/corecon-am50anos.com.br\/transparencia\/wp-json\/wp\/v2\/types\/page"}],"author":[{"embeddable":true,"href":"https:\/\/corecon-am50anos.com.br\/transparencia\/wp-json\/wp\/v2\/users\/1"}],"replies":[{"embeddable":true,"href":"https:\/\/corecon-am50anos.com.br\/transparencia\/wp-json\/wp\/v2\/comments?post=93"}],"version-history":[{"count":2,"href":"https:\/\/corecon-am50anos.com.br\/transparencia\/wp-json\/wp\/v2\/pages\/93\/revisions"}],"predecessor-version":[{"id":1344,"href":"https:\/\/corecon-am50anos.com.br\/transparencia\/wp-json\/wp\/v2\/pages\/93\/revisions\/1344"}],"wp:attachment":[{"href":"https:\/\/corecon-am50anos.com.br\/transparencia\/wp-json\/wp\/v2\/media?parent=93"}],"curies":[{"name":"wp","href":"https:\/\/api.w.org\/{rel}","templated":true}]}}