{"id":95,"date":"2021-10-10T20:00:43","date_gmt":"2021-10-10T23:00:43","guid":{"rendered":"https:\/\/corecon-am50anos.com.br\/transparencia\/?page_id=95"},"modified":"2021-10-22T11:39:08","modified_gmt":"2021-10-22T14:39:08","slug":"consolidacao-da-legislacao-da-profissao-de-economista","status":"publish","type":"page","link":"https:\/\/corecon-am50anos.com.br\/transparencia\/consolidacao-da-legislacao-da-profissao-de-economista\/","title":{"rendered":"Consolida\u00e7\u00e3o da Legisla\u00e7\u00e3o da Profiss\u00e3o de Economista"},"content":{"rendered":"<p><strong>T\u00cdTULO I<\/strong><br \/>\n1 \u2013 Estrutura do sistema normativo da profiss\u00e3o<br \/>\n<a href=\"https:\/\/corecon-am50anos.com.br\/transparencia\/wp-content\/uploads\/2021\/10\/1.1-\u2013-Hierarquia-e-interpreta\u00e7\u00e3o-das-normas-da-profiss\u00e3o.pdf\">1.1 \u2013 Hierarquia e interpreta\u00e7\u00e3o das normas da profiss\u00e3o<\/a><br \/>\n<a href=\"https:\/\/corecon-am50anos.com.br\/transparencia\/wp-content\/uploads\/2021\/10\/1.2-\u2013-O-processo-de-edi\u00e7\u00e3o-atualiza\u00e7\u00e3o-e-consolida\u00e7\u00e3o-do-sistema-normativo.pdf\">1.2 \u2013 O processo de edi\u00e7\u00e3o, atualiza\u00e7\u00e3o e consolida\u00e7\u00e3o do sistema normativo<\/a><\/p>\n<p><strong>T\u00cdTULO II<\/strong><br \/>\n2 \u2013 A profiss\u00e3o de economista \u2013 o acesso \u00e0 profiss\u00e3o e o campo profissional<br \/>\n<a href=\"https:\/\/corecon-am50anos.com.br\/transparencia\/wp-content\/uploads\/2021\/10\/2.1-\u2013-Os-requisitos-para-acesso-\u00e0-profiss\u00e3o.pdf\">2.1 \u2013 Os requisitos para acesso \u00e0 profiss\u00e3o<\/a><br \/>\n<a href=\"https:\/\/corecon-am50anos.com.br\/transparencia\/wp-content\/uploads\/2021\/10\/2.2-\u2013-Crit\u00e9rios-b\u00e1sicos-para-enquadramento-de-atividades-cargos-empregos-e-contratos-no-campo-profissional-do-economista.pdf\">2.2 \u2013 Crit\u00e9rios b\u00e1sicos para enquadramento de atividades, cargos, empregos e contratos no campo profissional do economista<\/a><br \/>\n2.3 \u2013 O campo profissional do economista<br \/>\n<a href=\"https:\/\/corecon-am50anos.com.br\/transparencia\/wp-content\/uploads\/2021\/10\/2.3.1-\u2013-As-atividades-desempenhadas-pelo-economista.pdf\">2.3.1 \u2013 As atividades desempenhadas pelo economista<\/a><br \/>\n<a href=\"https:\/\/corecon-am50anos.com.br\/transparencia\/wp-content\/uploads\/2021\/10\/2.3.2-\u2013-As-modalidades-e-instrumentos-do-trabalho-do-economista.pdf\">2.3.2 \u2013 As modalidades e instrumentos do trabalho do economista<\/a><br \/>\n2.3.2.1 \u2013 Anota\u00e7\u00f5es de Responsabilidade T\u00e9cnica \u2013 ARTs \u2013 <a href=\"https:\/\/corecon-am50anos.com.br\/transparencia\/wp-content\/uploads\/2021\/10\/Resolu\u00e7\u00e3o-1.852-2011.pdf\">Resolu\u00e7\u00e3o 1.852-2011<\/a><br \/>\n<a href=\"https:\/\/corecon-am50anos.com.br\/transparencia\/wp-content\/uploads\/2021\/10\/2.4-\u2013-Incorpora\u00e7\u00e3o-do-estudante-de-economia-\u00e0s-atividades-profissionais.pdf\">2.4 \u2013 Incorpora\u00e7\u00e3o do estudante de economia \u00e0s atividades profissionais<\/a><br \/>\n2.5 \u2013 Valora\u00e7\u00e3o dos Honor\u00e1rios Profissionais \u2013 VHTE \u2013 <a href=\"https:\/\/corecon-am50anos.com.br\/transparencia\/wp-content\/uploads\/2021\/10\/Resolu\u00e7\u00e3o-1.868-2012.pdf\">Resolu\u00e7\u00e3o 1.868-2012<\/a><br \/>\n2.6 \u2013 S\u00edmbolo e juramento da profiss\u00e3o \u2013 <a href=\"https:\/\/corecon-am50anos.com.br\/transparencia\/wp-content\/uploads\/2021\/10\/Resolu\u00e7\u00e3o-1.939-2015.pdf\">Resolu\u00e7\u00e3o 1.939-2015<\/a><\/p>\n<p><strong>T\u00cdTULO III<\/strong><br \/>\n3 \u2013 A profiss\u00e3o de economista \u2013 a \u00e9tica da profiss\u00e3o<br \/>\n<a href=\"https:\/\/corecon-am50anos.com.br\/transparencia\/wp-content\/uploads\/2021\/10\/3.1-\u2013-C\u00f3digo-de-\u00e9tica-profissional-do-economista.pdf\">3.1 \u2013 C\u00f3digo de \u00e9tica profissional do economista<\/a><\/p>\n<p><strong>T\u00cdTULO IV<\/strong><br \/>\n4 \u2013 A profiss\u00e3o de economista \u2013 o conte\u00fado t\u00e9cnico do desempenho profissional<br \/>\n<a href=\"https:\/\/corecon-am50anos.com.br\/transparencia\/wp-content\/uploads\/2021\/10\/4.1-\u2013-Regras-gerais-e-estrutura-das-normas-t\u00e9cnicas.pdf\">4.1 \u2013 Regras gerais e estrutura das normas t\u00e9cnicas<\/a><br \/>\n4.2 \u2013 Normas t\u00e9cnicas espec\u00edficas<br \/>\n<a href=\"https:\/\/corecon-am50anos.com.br\/transparencia\/wp-content\/uploads\/2021\/10\/4.2.1-\u2013-Regulamenta\u00e7\u00e3o-de-Per\u00edcia-Judicial-e-Extrajudicial-Econ\u00f4mica-e-Financeira.pdf\">4.2.1 \u2013 Regulamenta\u00e7\u00e3o de Per\u00edcia Judicial e Extrajudicial Econ\u00f4mica e Financeira<\/a><br \/>\n<a href=\"https:\/\/corecon-am50anos.com.br\/transparencia\/wp-content\/uploads\/2021\/10\/4.3-\u2013-Certifica\u00e7\u00e3o-de-compet\u00eancias-por-especialidade-profissional.pdf\">4.3 \u2013 Certifica\u00e7\u00e3o de compet\u00eancias por especialidade profissional<\/a><br \/>\n4.4 \u2013 Cadastro Nacional de Peritos de Economia e Finan\u00e7as do Conselho Federal de Economia &#8211; <a href=\"https:\/\/corecon-am50anos.com.br\/transparencia\/wp-content\/uploads\/2021\/10\/Resolu\u00e7\u00e3o-1.951-2016.pdf\">Resolu\u00e7\u00e3o 1.951-2016<\/a><\/p>\n<p><strong>T\u00cdTULO V<\/strong><br \/>\n5 \u2013 Do Sistema Conselho Federal de Economia e Conselhos Regionais de Economia<br \/>\n5.1 \u2013 Estrutura e organiza\u00e7\u00e3o dos Conselhos<br \/>\n<a href=\"https:\/\/corecon-am50anos.com.br\/transparencia\/wp-content\/uploads\/2021\/10\/5.1.0-\u2013-Princ\u00edpios-gerais.pdf\">5.1.0 \u2013 Princ\u00edpios gerais<\/a><br \/>\n5.1.1 \u2013 COFECON- Regimento Interno \u2013 <a href=\"https:\/\/corecon-am50anos.com.br\/transparencia\/wp-content\/uploads\/2021\/10\/Resolu\u00e7\u00e3o-1.832-2010.pdf\">Resolu\u00e7\u00e3o 1.832-2010<\/a><br \/>\n5.1.2 \u2013 CORECONs \u2013 Modelo de Regimento Interno \u2013 <a href=\"https:\/\/corecon-am50anos.com.br\/transparencia\/wp-content\/uploads\/2021\/10\/Resolu\u00e7\u00e3o-1.837-2010.pdf\">Resolu\u00e7\u00e3o 1.837-2010<\/a><br \/>\n5.1.3 \u2013 Reuni\u00f5es de car\u00e1ter institucional<br \/>\n5.1.3.1 \u2013 Simp\u00f3sio Nacional dos Conselhos de Economia (Since) \u2013 <a href=\"https:\/\/corecon-am50anos.com.br\/transparencia\/wp-content\/uploads\/2021\/10\/Resolu\u00e7\u00e3o-1.870-2012.pdf\">Resolu\u00e7\u00e3o 1.870-2012<\/a><br \/>\n5.1.3.2 \u2013 Congresso Brasileiro de Economia \u2013 CBE \u2013 <a href=\"https:\/\/corecon-am50anos.com.br\/transparencia\/wp-content\/uploads\/2021\/10\/Resolu\u00e7\u00e3o-1.903-2013.pdf\">Resolu\u00e7\u00e3o 1.903-2013<\/a><br \/>\n5.1.3.3 \u2013 Encontros de Funcion\u00e1rios do Sistema Cofecon\/Corecons \u2013 <a href=\"https:\/\/corecon-am50anos.com.br\/transparencia\/wp-content\/uploads\/2021\/10\/Resolu\u00e7\u00e3o-1.851-2011.pdf\">Resolu\u00e7\u00e3o 1.851-2011<\/a><br \/>\n5.1.4 \u2013 Coopera\u00e7\u00e3o entre Conselhos<br \/>\n5.2 \u2013 Manual de Procedimentos Administrativos do Sistema COFECON\/CORECONs \u2013 <a href=\"https:\/\/corecon-am50anos.com.br\/transparencia\/wp-content\/uploads\/2021\/10\/Resolu\u00e7\u00e3o-1.851-2011.pdf\">Resolu\u00e7\u00e3o 1.851-2011<\/a><br \/>\n5.3 \u2013 Manual de Arrecada\u00e7\u00e3o do Sistema COFECON\/CORECONs \u2013 <a href=\"https:\/\/corecon-am50anos.com.br\/transparencia\/wp-content\/uploads\/2021\/10\/Resolu\u00e7\u00e3o-1.853-2011.pdf\">Resolu\u00e7\u00e3o 1.853-2011<\/a><br \/>\n5.4 \u2013 Manual de Procedimentos Cont\u00e1beis e Financeiros \u2013 <a href=\"https:\/\/corecon-am50anos.com.br\/transparencia\/wp-content\/uploads\/2021\/10\/Resolu\u00e7\u00e3o-1.841-2010.pdf\">Resolu\u00e7\u00e3o 1.841-2010<\/a> <\/p>\n<p><strong>T\u00cdTULO VI<\/strong><br \/>\n6 \u2013 O processo de regulamenta\u00e7\u00e3o e controle profissional<br \/>\n6.1 \u2013 Os procedimentos de registro profissional<br \/>\n6.1.1 \u2013 Normativo de Procedimentos de Registro Profissional \u2013 <a href=\"https:\/\/corecon-am50anos.com.br\/transparencia\/wp-content\/uploads\/2021\/10\/Resolu\u00e7\u00e3o-1.945-2015.pdf\">Resolu\u00e7\u00e3o 1.945-2015<\/a><br \/>\n6.1.1.1 \u2013 Emiss\u00e3o de Credencial de Estudante \u2013 <a href=\"https:\/\/corecon-am50anos.com.br\/transparencia\/wp-content\/uploads\/2021\/10\/Art.-27-da-Resolu\u00e7\u00e3o-1945-2015.pdf\">Art. 27 da Resolu\u00e7\u00e3o 1945-2015<\/a><br \/>\n6.1.2 \u2013 Normativo de Procedimentos de registro para pessoas jur\u00eddicas \u2013 <a href=\"https:\/\/corecon-am50anos.com.br\/transparencia\/wp-content\/uploads\/2021\/10\/Resolu\u00e7\u00e3o-1.880-2012.pdf\">Resolu\u00e7\u00e3o 1.880-2012<\/a><br \/>\n<a href=\"https:\/\/corecon-am50anos.com.br\/transparencia\/wp-content\/uploads\/2021\/10\/6.1.3-\u2013-Procedimentos-de-Registro-de-documentos-t\u00e9cnicos-e-emiss\u00e3o-de-certid\u00f5es.pdf\">6.1.3 \u2013 Procedimentos de Registro de documentos t\u00e9cnicos e emiss\u00e3o de certid\u00f5es<\/a><br \/>\n<a href=\"https:\/\/corecon-am50anos.com.br\/transparencia\/wp-content\/uploads\/2021\/10\/6.2-\u2013-Os-procedimentos-de-fiscaliza\u00e7\u00e3o-profissional.pdf\">6.2 \u2013 Os procedimentos de fiscaliza\u00e7\u00e3o profissional<\/a><br \/>\n<a href=\"https:\/\/corecon-am50anos.com.br\/transparencia\/wp-content\/uploads\/2021\/10\/6.3-\u2013-Os-procedimentos-de-julgamento-\u00e9tico-profissional.pdf\">6.3 \u2013 Os procedimentos de julgamento \u00e9tico-profissional<\/a><br \/>\n6.4 \u2013 Os procedimentos eleitorais \u2013 <a href=\"https:\/\/corecon-am50anos.com.br\/transparencia\/wp-content\/uploads\/2021\/10\/Resolu\u00e7\u00e3o-1.981-2017.pdf\">Resolu\u00e7\u00e3o 1.981-2017<\/a><br \/>\n<a href=\"https:\/\/corecon-am50anos.com.br\/transparencia\/wp-content\/uploads\/2021\/10\/6.5-\u2013-Os-procedimentos-de-recurso.pdf\">6.5 \u2013 Os procedimentos de recurso<\/a><\/p>\n<p><strong>T\u00cdTULO VII<\/strong><br \/>\n7 \u2013 As outras formas de interven\u00e7\u00e3o da profiss\u00e3o organizada no contexto social brasileiro<br \/>\n7.1 \u2013 As iniciativas de di\u00e1logo e debate dos problemas econ\u00f4micos e sociais<br \/>\n7.1.1 \u2013 A promo\u00e7\u00e3o e o apoio a eventos \u2013 <a href=\"https:\/\/corecon-am50anos.com.br\/transparencia\/wp-content\/uploads\/2021\/10\/Resolu\u00e7\u00e3o-1.896-2013.pdf\">Resolu\u00e7\u00e3o 1.896-2013<\/a><br \/>\n<a href=\"https:\/\/corecon-am50anos.com.br\/transparencia\/wp-content\/uploads\/2021\/10\/7.1.2-\u2013-Os-pronunciamentos-dos-\u00f3rg\u00e3os-da-profiss\u00e3o-sobre-temas-econ\u00f4micos-ou-sociais.pdf\">7.1.2 \u2013 Os pronunciamentos dos \u00f3rg\u00e3os da profiss\u00e3o sobre temas econ\u00f4micos ou sociais<\/a><br \/>\n7.1.3 \u2013 Pr\u00eamios, homenagens e comendas \u2013 <a href=\"https:\/\/corecon-am50anos.com.br\/transparencia\/wp-content\/uploads\/2021\/10\/Resolu\u00e7\u00e3o-1.892-2013.pdf\">Resolu\u00e7\u00e3o 1.892-2013<\/a><br \/>\n7.1.4 \u2013 Desafio Quero Ser Economista \u2013 <a href=\"https:\/\/corecon-am50anos.com.br\/transparencia\/wp-content\/uploads\/2021\/10\/Resolu\u00e7\u00e3o-1.969-2017.pdf\">Resolu\u00e7\u00e3o 1.969-2017<\/a><\/p>\n<p><strong>T\u00cdTULO X<\/strong><br \/>\n10 \u2013 Notas T\u00e9cnicas<br \/>\n<a href=\"https:\/\/corecon-am50anos.com.br\/transparencia\/wp-content\/uploads\/2021\/10\/10.1-\u2013-Crit\u00e9rios-de-enquadramento-\u2013-compatibilidade-entre-a-legisla\u00e7\u00e3o-profissional-e-a-legisla\u00e7\u00e3o-relativa-a-cargos-ou-empregos.pdf\">10.1 \u2013 Crit\u00e9rios de enquadramento \u2013 compatibilidade entre a legisla\u00e7\u00e3o profissional e a legisla\u00e7\u00e3o relativa a cargos ou empregos<\/a><br \/>\n<a href=\"https:\/\/corecon-am50anos.com.br\/transparencia\/wp-content\/uploads\/2021\/10\/10.2-\u2013-Nota-T\u00e9cnica-2-\u2013-Atividades-desempenhadas-pelo-economista-\u2013-empresas-financeiras.pdf\">10.2 \u2013 Nota T\u00e9cnica 2 \u2013 Atividades desempenhadas pelo economista \u2013 empresas financeiras<\/a><br \/>\n<a href=\"https:\/\/corecon-am50anos.com.br\/transparencia\/wp-content\/uploads\/2021\/10\/10.3-\u2013-Princ\u00edpios-de-legitimidade-da-miss\u00e3o-institucional-dos-Conselhos.pdf\">10.3 \u2013 Princ\u00edpios de legitimidade da miss\u00e3o institucional dos Conselhos<\/a><br \/>\n<a href=\"https:\/\/corecon-am50anos.com.br\/transparencia\/wp-content\/uploads\/2021\/10\/10.4-\u2013-Atividades-desempenhadas-pelo-economista-\u2013-auditoria.pdf\">10.4 \u2013 Atividades desempenhadas pelo economista \u2013 auditoria<\/a><br \/>\n<a href=\"https:\/\/corecon-am50anos.com.br\/transparencia\/wp-content\/uploads\/2021\/10\/10.5-\u2013-Natureza-dos-instrumentos-Auto-de-infra\u00e7\u00e3o-e-Notifica\u00e7\u00e3o.pdf\">10.5 \u2013 Natureza dos instrumentos Auto de infra\u00e7\u00e3o e Notifica\u00e7\u00e3o<\/a><\/p>\n","protected":false},"excerpt":{"rendered":"<p>T\u00cdTULO I 1 \u2013 Estrutura do sistema normativo da profiss\u00e3o 1.1 \u2013 Hierarquia e interpreta\u00e7\u00e3o das normas da profiss\u00e3o 1.2 \u2013 O processo de edi\u00e7\u00e3o, atualiza\u00e7\u00e3o e consolida\u00e7\u00e3o do sistema normativo T\u00cdTULO II 2 \u2013 A profiss\u00e3o de economista \u2013 o acesso \u00e0 profiss\u00e3o e o campo profissional 2.1 \u2013 Os requisitos para acesso \u00e0 &hellip; <a href=\"https:\/\/corecon-am50anos.com.br\/transparencia\/consolidacao-da-legislacao-da-profissao-de-economista\/\" class=\"more-link\">Continue reading <span class=\"screen-reader-text\">Consolida\u00e7\u00e3o da Legisla\u00e7\u00e3o da Profiss\u00e3o de Economista<\/span><\/a><\/p>\n","protected":false},"author":1,"featured_media":0,"parent":0,"menu_order":0,"comment_status":"closed","ping_status":"closed","template":"","meta":[],"_links":{"self":[{"href":"https:\/\/corecon-am50anos.com.br\/transparencia\/wp-json\/wp\/v2\/pages\/95"}],"collection":[{"href":"https:\/\/corecon-am50anos.com.br\/transparencia\/wp-json\/wp\/v2\/pages"}],"about":[{"href":"https:\/\/corecon-am50anos.com.br\/transparencia\/wp-json\/wp\/v2\/types\/page"}],"author":[{"embeddable":true,"href":"https:\/\/corecon-am50anos.com.br\/transparencia\/wp-json\/wp\/v2\/users\/1"}],"replies":[{"embeddable":true,"href":"https:\/\/corecon-am50anos.com.br\/transparencia\/wp-json\/wp\/v2\/comments?post=95"}],"version-history":[{"count":25,"href":"https:\/\/corecon-am50anos.com.br\/transparencia\/wp-json\/wp\/v2\/pages\/95\/revisions"}],"predecessor-version":[{"id":637,"href":"https:\/\/corecon-am50anos.com.br\/transparencia\/wp-json\/wp\/v2\/pages\/95\/revisions\/637"}],"wp:attachment":[{"href":"https:\/\/corecon-am50anos.com.br\/transparencia\/wp-json\/wp\/v2\/media?parent=95"}],"curies":[{"name":"wp","href":"https:\/\/api.w.org\/{rel}","templated":true}]}}